{"id":901,"date":"2025-08-18T15:17:12","date_gmt":"2025-08-18T15:17:12","guid":{"rendered":"https:\/\/xemamusicayteatro.com\/legal-privacidad-cookies\/"},"modified":"2025-10-21T10:37:13","modified_gmt":"2025-10-21T10:37:13","slug":"legal-privacy-cookies","status":"publish","type":"page","link":"https:\/\/xemamusicayteatro.com\/en\/legal-privacy-cookies\/","title":{"rendered":"Privacy Policy | Legal Notice | Cookies"},"content":{"rendered":"<div class=\"wpb-content-wrapper\">[vc_row][vc_column][vc_column_text css=&#8221;&#8221;]\n<h2 data-start=\"367\" data-end=\"396\">PRIVACY POLICY<\/h2>\n<p data-start=\"398\" data-end=\"580\">Data Controller: <strong data-start=\"433\" data-end=\"462\">JOSE MANUEL SORIANO MOLLA<\/strong><br data-start=\"462\" data-end=\"465\" \/>NIF: <strong data-start=\"470\" data-end=\"483\">48289423A<\/strong><br data-start=\"483\" data-end=\"486\" \/>Address: Spain<br data-start=\"503\" data-end=\"506\" \/>Email: <strong data-start=\"513\" data-end=\"547\"><a class=\"decorated-link cursor-pointer\" rel=\"noopener\" data-start=\"515\" data-end=\"545\">contacto@xemamusicayteatro.com<\/a><\/strong><br data-start=\"547\" data-end=\"550\" \/>Phone: <strong data-start=\"560\" data-end=\"580\">+34 653 96 22 27<\/strong><\/p>\n<h3 data-start=\"582\" data-end=\"611\">Purpose of Processing<\/h3>\n<p data-start=\"612\" data-end=\"863\">Any personal data collected via the contact email or phone will be used exclusively to handle your requests or inquiries, as well as for the related administrative management.<\/p>\n<h3 data-start=\"865\" data-end=\"881\">Legal Basis<\/h3>\n<p data-start=\"882\" data-end=\"1054\">The legal basis for processing your data is your consent, or the performance of pre-contractual and contractual measures arising from your request.<\/p>\n<h3 data-start=\"1056\" data-end=\"1085\">Data Retention<\/h3>\n<p data-start=\"1086\" data-end=\"1273\">Data will be retained only for as long as necessary to fulfill the purpose for which it was collected, or while a contractual or customer service relationship exists.<\/p>\n<h3 data-start=\"1275\" data-end=\"1300\">Data Disclosure<\/h3>\n<p data-start=\"1301\" data-end=\"1360\">Data will not be shared with third parties, except where there is a legal obligation to do so.<\/p>\n<h3 data-start=\"1362\" data-end=\"1386\">User Rights<\/h3>\n<p data-start=\"1387\" data-end=\"1710\">You may exercise your rights of access, rectification, erasure, restriction, objection, and data portability by sending an email to<br \/>\n<strong data-start=\"1509\" data-end=\"1543\"><a class=\"decorated-link cursor-pointer\" rel=\"noopener\" data-start=\"1511\" data-end=\"1541\">contacto@xemamusicayteatro.com<\/a><\/strong>.<br data-start=\"1544\" data-end=\"1547\" \/>You also have the right to lodge a complaint with the <strong data-start=\"1605\" data-end=\"1662\">Spanish Data Protection Agency (<a class=\"decorated-link cursor-pointer\" target=\"_new\" rel=\"noopener\" data-start=\"1648\" data-end=\"1659\">www.aepd.es<\/a>)<\/strong> if you believe your rights have been violated.<\/p>\n[\/vc_column_text][\/vc_column][\/vc_row][vc_row css=&#8221;.vc_custom_1760100327475{padding-top: 3% !important;}&#8221;][vc_column][vc_column_text css=&#8221;&#8221;]\n<h2 data-start=\"1717\" data-end=\"1734\">LEGAL NOTICE<\/h2>\n<p data-start=\"1736\" data-end=\"1929\"><strong data-start=\"1736\" data-end=\"1762\">Website Owner:<\/strong> JOSE MANUEL SORIANO MOLLA<br data-start=\"1788\" data-end=\"1791\" \/><strong data-start=\"1791\" data-end=\"1799\">NIF:<\/strong> 48289423A<br data-start=\"1809\" data-end=\"1812\" \/><strong data-start=\"1812\" data-end=\"1822\">Email:<\/strong> <a class=\"decorated-link cursor-pointer\" rel=\"noopener\" data-start=\"1823\" data-end=\"1853\">contacto@xemamusicayteatro.com<\/a><br data-start=\"1853\" data-end=\"1856\" \/><strong data-start=\"1856\" data-end=\"1869\">Phone:<\/strong> +34 653 96 22 27<br data-start=\"1886\" data-end=\"1889\" \/><strong data-start=\"1889\" data-end=\"1903\">Website:<\/strong> <a class=\"decorated-link\" href=\"http:\/\/www.xemamusicayteatro.com\" target=\"_new\" rel=\"noopener\" data-start=\"1904\" data-end=\"1929\">www.xemamusicayteatro.com<\/a><\/p>\n<p data-start=\"1931\" data-end=\"2037\">Access to this website implies full and unreserved acceptance of these terms of use.<\/p>\n<h3 data-start=\"2039\" data-end=\"2077\">Intellectual and Industrial Property<\/h3>\n<p data-start=\"2078\" data-end=\"2427\">All content on this site (texts, images, logos, videos, etc.) is the property of <strong data-start=\"2170\" data-end=\"2199\">JOSE MANUEL SORIANO MOLLA<\/strong> or their legitimate owners and is protected under current legislation on intellectual and industrial property.<br data-start=\"2323\" data-end=\"2326\" \/>Reproduction, distribution, or modification of the content without the express authorization of the owner is strictly prohibited.<\/p>\n<h3 data-start=\"2429\" data-end=\"2448\">Liability<\/h3>\n<p data-start=\"2449\" data-end=\"2705\">The owner accepts no responsibility for damages or losses arising from the use of the information contained on this website, or from possible errors or omissions in the content.<br data-start=\"2624\" data-end=\"2627\" \/>The use of this website is carried out under the sole responsibility of the user.<\/p>\n<h3 data-start=\"2707\" data-end=\"2718\">Links<\/h3>\n<p data-start=\"2719\" data-end=\"2876\">The website may include links to third-party pages. The owner is not responsible for the content or privacy policies of those sites.<\/p>\n[\/vc_column_text][\/vc_column][\/vc_row][vc_row css=&#8221;.vc_custom_1760100327475{padding-top: 3% !important;}&#8221;][vc_column][vc_column_text css=&#8221;&#8221;]\n<h2 data-start=\"280\" data-end=\"305\">COOKIES POLICY<\/h2>\n<p data-start=\"307\" data-end=\"589\">In compliance with <strong data-start=\"327\" data-end=\"362\">Regulation (EU) 2016\/679 (GDPR)<\/strong>,<br \/>\n<strong data-start=\"367\" data-end=\"400\">Organic Law 3\/2018 (LOPDGDD)<\/strong>, and<br \/>\n<strong data-start=\"406\" data-end=\"500\">Law 34\/2002 on Information Society Services and Electronic Commerce (LSSI-CE)<\/strong>,<br \/>\nusers are informed of the use of cookies on the website<br \/>\n<strong data-start=\"559\" data-end=\"588\"><br \/>\n<a class=\"decorated-link\" href=\"http:\/\/www.xemamusicayteatro.com\" target=\"_new\" rel=\"noopener\" data-start=\"561\" data-end=\"586\">www.xemamusicayteatro.com<\/a><\/strong><\/p>\n<h3 data-start=\"591\" data-end=\"616\">What Are Cookies?<\/h3>\n<p data-start=\"617\" data-end=\"918\">Cookies are small text files stored on your device (computer, mobile, or tablet) when accessing certain web pages.<br \/>\nTheir purpose is to enhance the browsing experience, enable website functionality, and obtain anonymous statistical information about site usage.<\/p>\n<h3 data-start=\"920\" data-end=\"951\">Types of Cookies Used<\/h3>\n<p data-start=\"953\" data-end=\"1008\">This website uses the following types of cookies:<\/p>\n<p data-start=\"1010\" data-end=\"1285\"><strong data-start=\"1010\" data-end=\"1046\">1. Technical Cookies (Necessary)<\/strong><br data-start=\"1046\" data-end=\"1049\" \/>These allow navigation through the site and the use of its various options or services, such as access to secure areas or proper content display.<br data-start=\"1211\" data-end=\"1214\" \/>These cookies are essential and do not require user consent.<\/p>\n<p data-start=\"1287\" data-end=\"1896\"><strong data-start=\"1287\" data-end=\"1332\">2. Analytics Cookies (Google Analytics)<\/strong><br data-start=\"1332\" data-end=\"1335\" \/>These allow us to measure and analyze user navigation on the website to improve content, usability, and user experience.<br data-start=\"1492\" data-end=\"1495\" \/>The information is collected anonymously and sent to Google servers (located in the USA).<br data-start=\"1598\" data-end=\"1601\" \/>Google may transfer this information to third parties when required by law or when such third parties process the data on Google\u2019s behalf.<br data-start=\"1751\" data-end=\"1754\" \/>You can review Google Analytics\u2019 privacy policy at:<br data-start=\"1819\" data-end=\"1822\" \/><a class=\"decorated-link cursor-pointer\" target=\"_new\" rel=\"noopener\" data-start=\"1822\" data-end=\"1896\">https:\/\/policies.google.com\/privacy<\/a><\/p>\n<p data-start=\"1898\" data-end=\"2210\"><strong data-start=\"1898\" data-end=\"1942\">3. Google Search Console Tools<\/strong><br data-start=\"1942\" data-end=\"1945\" \/>This tool allows the site owner to analyze website performance in Google Search.<br \/>\nIt does not install cookies on the user\u2019s device or directly collect personal data, but it may involve the use of aggregated, anonymous browsing data.<\/p>\n<h3 data-start=\"2212\" data-end=\"2254\">Disabling or Deleting Cookies<\/h3>\n<p data-start=\"2255\" data-end=\"2395\">You can allow, block, or delete cookies installed on your device by configuring your browser settings:<\/p>\n<ul data-start=\"2397\" data-end=\"2673\">\n<li data-start=\"2397\" data-end=\"2461\">\n<p data-start=\"2399\" data-end=\"2461\"><strong data-start=\"2399\" data-end=\"2410\">Chrome:<\/strong> Settings \u2192 Privacy and Security \u2192 Cookies<\/p>\n<\/li>\n<li data-start=\"2462\" data-end=\"2540\">\n<p data-start=\"2464\" data-end=\"2540\"><strong data-start=\"2464\" data-end=\"2476\">Firefox:<\/strong> Options \u2192 Privacy and Security \u2192 Cookies and Site Data<\/p>\n<\/li>\n<li data-start=\"2541\" data-end=\"2614\">\n<p data-start=\"2543\" data-end=\"2614\"><strong data-start=\"2543\" data-end=\"2554\">Safari:<\/strong> Preferences \u2192 Privacy \u2192 Manage Website Data<\/p>\n<\/li>\n<li data-start=\"2615\" data-end=\"2673\">\n<p data-start=\"2617\" data-end=\"2673\"><strong data-start=\"2617\" data-end=\"2626\">Edge:<\/strong> Settings \u2192 Cookies and Site Permissions<\/p>\n<\/li>\n<\/ul>\n<p data-start=\"2675\" data-end=\"2758\">If you disable cookies, some website functionalities may be limited.<\/p>\n<h3 data-start=\"2760\" data-end=\"2778\">Consent<\/h3>\n<p data-start=\"2779\" data-end=\"2952\">By browsing our website, you are deemed to accept the use of the analytics cookies described above, unless you modify your browser settings to reject them.<\/p>\n[\/vc_column_text][\/vc_column][\/vc_row][vc_row][vc_column][vc_column_text css=&#8221;&#8221;]<a href=\"https:\/\/xemamusicayteatro.com\/en\/legal-privacy-cookies\/\" target=\"_blank\" rel=\"noopener\">Privacy Policy | Legal Notice | Cookies<\/a>[\/vc_column_text][\/vc_column][\/vc_row]\n<\/div>","protected":false},"excerpt":{"rendered":"[vc_row][vc_column][vc_column_text css=&#8221;&#8221;] PRIVACY POLICY Data Controller: JOSE MANUEL SORIANO MOLLANIF: 48289423AAddress: SpainEmail: contacto@xemamusicayteatro.comPhone: +34 653 96 22 27 Purpose of Processing Any personal data collected via the contact email or phone will be used exclusively to handle your requests or inquiries, as well as for the related administrative management. Legal Basis The legal basis for [&#8230;]\n","protected":false},"author":1,"featured_media":0,"parent":0,"menu_order":0,"comment_status":"closed","ping_status":"open","template":"","meta":{"footnotes":""},"class_list":["post-901","page","type-page","status-publish","hentry"],"yoast_head":"<!-- This site is optimized with the Yoast SEO plugin v27.2 - https:\/\/yoast.com\/product\/yoast-seo-wordpress\/ -->\n<title>Privacy Policy | Legal Notice | Cookies &#8902; Xema M\u00fasica y Teatro<\/title>\n<meta name=\"robots\" content=\"index, follow, max-snippet:-1, max-image-preview:large, max-video-preview:-1\" \/>\n<link rel=\"canonical\" href=\"https:\/\/xemamusicayteatro.com\/en\/legal-privacy-cookies\/\" \/>\n<meta property=\"og:locale\" content=\"en_US\" \/>\n<meta property=\"og:type\" content=\"article\" \/>\n<meta property=\"og:title\" content=\"Privacy Policy | Legal Notice | Cookies &#8902; Xema M\u00fasica y Teatro\" \/>\n<meta property=\"og:description\" content=\"[vc_row][vc_column][vc_column_text css=&#8221;&#8221;] PRIVACY POLICY Data Controller: JOSE MANUEL SORIANO MOLLANIF: 48289423AAddress: SpainEmail: contacto@xemamusicayteatro.comPhone: +34 653 96 22 27 Purpose of Processing Any personal data collected via the contact email or phone will be used exclusively to handle your requests or inquiries, as well as for the related administrative management. Legal Basis The legal basis for [...]\" \/>\n<meta property=\"og:url\" content=\"https:\/\/xemamusicayteatro.com\/en\/legal-privacy-cookies\/\" \/>\n<meta property=\"og:site_name\" content=\"Xema M\u00fasica y Teatro\" \/>\n<meta property=\"article:modified_time\" content=\"2025-10-21T10:37:13+00:00\" \/>\n<meta name=\"twitter:card\" content=\"summary_large_image\" \/>\n<meta name=\"twitter:label1\" content=\"Est. reading time\" \/>\n\t<meta name=\"twitter:data1\" content=\"4 minutes\" \/>\n<script type=\"application\/ld+json\" class=\"yoast-schema-graph\">{\"@context\":\"https:\/\/schema.org\",\"@graph\":[{\"@type\":\"WebPage\",\"@id\":\"https:\/\/xemamusicayteatro.com\/en\/legal-privacy-cookies\/\",\"url\":\"https:\/\/xemamusicayteatro.com\/en\/legal-privacy-cookies\/\",\"name\":\"Privacy Policy | Legal Notice | Cookies &#8902; Xema M\u00fasica y Teatro\",\"isPartOf\":{\"@id\":\"https:\/\/xemamusicayteatro.com\/en\/#website\"},\"datePublished\":\"2025-08-18T15:17:12+00:00\",\"dateModified\":\"2025-10-21T10:37:13+00:00\",\"breadcrumb\":{\"@id\":\"https:\/\/xemamusicayteatro.com\/en\/legal-privacy-cookies\/#breadcrumb\"},\"inLanguage\":\"en-US\",\"potentialAction\":[{\"@type\":\"ReadAction\",\"target\":[\"https:\/\/xemamusicayteatro.com\/en\/legal-privacy-cookies\/\"]}]},{\"@type\":\"BreadcrumbList\",\"@id\":\"https:\/\/xemamusicayteatro.com\/en\/legal-privacy-cookies\/#breadcrumb\",\"itemListElement\":[{\"@type\":\"ListItem\",\"position\":1,\"name\":\"Portada\",\"item\":\"https:\/\/xemamusicayteatro.com\/en\/inicio-2\/\"},{\"@type\":\"ListItem\",\"position\":2,\"name\":\"Privacy Policy | Legal Notice | Cookies\"}]},{\"@type\":\"WebSite\",\"@id\":\"https:\/\/xemamusicayteatro.com\/en\/#website\",\"url\":\"https:\/\/xemamusicayteatro.com\/en\/\",\"name\":\"Xema M\u00fasica y Teatro\",\"description\":\"Gesti\u00f3n art\u00edstica de m\u00fasica, teatro y beb\u00e9s. Conectando talento con \u00e9xito.\",\"publisher\":{\"@id\":\"https:\/\/xemamusicayteatro.com\/en\/#organization\"},\"alternateName\":\"Contrataci\u00f3n de Teatro y M\u00fasica | Gestor Art\u00edstico | Xema M\u00fasica y Teatro\",\"potentialAction\":[{\"@type\":\"SearchAction\",\"target\":{\"@type\":\"EntryPoint\",\"urlTemplate\":\"https:\/\/xemamusicayteatro.com\/en\/?s={search_term_string}\"},\"query-input\":{\"@type\":\"PropertyValueSpecification\",\"valueRequired\":true,\"valueName\":\"search_term_string\"}}],\"inLanguage\":\"en-US\"},{\"@type\":\"Organization\",\"@id\":\"https:\/\/xemamusicayteatro.com\/en\/#organization\",\"name\":\"Xema M\u00fasica y Teatro\",\"url\":\"https:\/\/xemamusicayteatro.com\/en\/\",\"logo\":{\"@type\":\"ImageObject\",\"inLanguage\":\"en-US\",\"@id\":\"https:\/\/xemamusicayteatro.com\/en\/#\/schema\/logo\/image\/\",\"url\":\"https:\/\/xemamusicayteatro.com\/wp-content\/uploads\/2025\/09\/ImagotipoHorizontal-Blanco.svg\",\"contentUrl\":\"https:\/\/xemamusicayteatro.com\/wp-content\/uploads\/2025\/09\/ImagotipoHorizontal-Blanco.svg\",\"width\":1,\"height\":1,\"caption\":\"Xema M\u00fasica y Teatro\"},\"image\":{\"@id\":\"https:\/\/xemamusicayteatro.com\/en\/#\/schema\/logo\/image\/\"}}]}<\/script>\n<!-- \/ Yoast SEO plugin. -->","yoast_head_json":{"title":"Privacy Policy | Legal Notice | Cookies &#8902; Xema M\u00fasica y Teatro","robots":{"index":"index","follow":"follow","max-snippet":"max-snippet:-1","max-image-preview":"max-image-preview:large","max-video-preview":"max-video-preview:-1"},"canonical":"https:\/\/xemamusicayteatro.com\/en\/legal-privacy-cookies\/","og_locale":"en_US","og_type":"article","og_title":"Privacy Policy | Legal Notice | Cookies &#8902; Xema M\u00fasica y Teatro","og_description":"[vc_row][vc_column][vc_column_text css=&#8221;&#8221;] PRIVACY POLICY Data Controller: JOSE MANUEL SORIANO MOLLANIF: 48289423AAddress: SpainEmail: contacto@xemamusicayteatro.comPhone: +34 653 96 22 27 Purpose of Processing Any personal data collected via the contact email or phone will be used exclusively to handle your requests or inquiries, as well as for the related administrative management. Legal Basis The legal basis for [...]","og_url":"https:\/\/xemamusicayteatro.com\/en\/legal-privacy-cookies\/","og_site_name":"Xema M\u00fasica y Teatro","article_modified_time":"2025-10-21T10:37:13+00:00","twitter_card":"summary_large_image","twitter_misc":{"Est. reading time":"4 minutes"},"schema":{"@context":"https:\/\/schema.org","@graph":[{"@type":"WebPage","@id":"https:\/\/xemamusicayteatro.com\/en\/legal-privacy-cookies\/","url":"https:\/\/xemamusicayteatro.com\/en\/legal-privacy-cookies\/","name":"Privacy Policy | Legal Notice | Cookies &#8902; Xema M\u00fasica y Teatro","isPartOf":{"@id":"https:\/\/xemamusicayteatro.com\/en\/#website"},"datePublished":"2025-08-18T15:17:12+00:00","dateModified":"2025-10-21T10:37:13+00:00","breadcrumb":{"@id":"https:\/\/xemamusicayteatro.com\/en\/legal-privacy-cookies\/#breadcrumb"},"inLanguage":"en-US","potentialAction":[{"@type":"ReadAction","target":["https:\/\/xemamusicayteatro.com\/en\/legal-privacy-cookies\/"]}]},{"@type":"BreadcrumbList","@id":"https:\/\/xemamusicayteatro.com\/en\/legal-privacy-cookies\/#breadcrumb","itemListElement":[{"@type":"ListItem","position":1,"name":"Portada","item":"https:\/\/xemamusicayteatro.com\/en\/inicio-2\/"},{"@type":"ListItem","position":2,"name":"Privacy Policy | Legal Notice | Cookies"}]},{"@type":"WebSite","@id":"https:\/\/xemamusicayteatro.com\/en\/#website","url":"https:\/\/xemamusicayteatro.com\/en\/","name":"Xema M\u00fasica y Teatro","description":"Gesti\u00f3n art\u00edstica de m\u00fasica, teatro y beb\u00e9s. Conectando talento con \u00e9xito.","publisher":{"@id":"https:\/\/xemamusicayteatro.com\/en\/#organization"},"alternateName":"Contrataci\u00f3n de Teatro y M\u00fasica | Gestor Art\u00edstico | Xema M\u00fasica y Teatro","potentialAction":[{"@type":"SearchAction","target":{"@type":"EntryPoint","urlTemplate":"https:\/\/xemamusicayteatro.com\/en\/?s={search_term_string}"},"query-input":{"@type":"PropertyValueSpecification","valueRequired":true,"valueName":"search_term_string"}}],"inLanguage":"en-US"},{"@type":"Organization","@id":"https:\/\/xemamusicayteatro.com\/en\/#organization","name":"Xema M\u00fasica y Teatro","url":"https:\/\/xemamusicayteatro.com\/en\/","logo":{"@type":"ImageObject","inLanguage":"en-US","@id":"https:\/\/xemamusicayteatro.com\/en\/#\/schema\/logo\/image\/","url":"https:\/\/xemamusicayteatro.com\/wp-content\/uploads\/2025\/09\/ImagotipoHorizontal-Blanco.svg","contentUrl":"https:\/\/xemamusicayteatro.com\/wp-content\/uploads\/2025\/09\/ImagotipoHorizontal-Blanco.svg","width":1,"height":1,"caption":"Xema M\u00fasica y Teatro"},"image":{"@id":"https:\/\/xemamusicayteatro.com\/en\/#\/schema\/logo\/image\/"}}]}},"_links":{"self":[{"href":"https:\/\/xemamusicayteatro.com\/en\/wp-json\/wp\/v2\/pages\/901","targetHints":{"allow":["GET"]}}],"collection":[{"href":"https:\/\/xemamusicayteatro.com\/en\/wp-json\/wp\/v2\/pages"}],"about":[{"href":"https:\/\/xemamusicayteatro.com\/en\/wp-json\/wp\/v2\/types\/page"}],"author":[{"embeddable":true,"href":"https:\/\/xemamusicayteatro.com\/en\/wp-json\/wp\/v2\/users\/1"}],"replies":[{"embeddable":true,"href":"https:\/\/xemamusicayteatro.com\/en\/wp-json\/wp\/v2\/comments?post=901"}],"version-history":[{"count":3,"href":"https:\/\/xemamusicayteatro.com\/en\/wp-json\/wp\/v2\/pages\/901\/revisions"}],"predecessor-version":[{"id":904,"href":"https:\/\/xemamusicayteatro.com\/en\/wp-json\/wp\/v2\/pages\/901\/revisions\/904"}],"wp:attachment":[{"href":"https:\/\/xemamusicayteatro.com\/en\/wp-json\/wp\/v2\/media?parent=901"}],"curies":[{"name":"wp","href":"https:\/\/api.w.org\/{rel}","templated":true}]}}