{"id":860,"date":"2025-09-08T13:54:00","date_gmt":"2025-09-08T13:54:00","guid":{"rendered":"https:\/\/xemamusicayteatro.com\/contacto\/"},"modified":"2025-12-17T16:23:27","modified_gmt":"2025-12-17T16:23:27","slug":"contact","status":"publish","type":"page","link":"https:\/\/xemamusicayteatro.com\/en\/contact\/","title":{"rendered":"Contact"},"content":{"rendered":"<div class=\"wpb-content-wrapper\">[vc_row css=&#8221;.vc_custom_1765982038474{padding-top: 5% !important;padding-right: 10% !important;padding-bottom: 5% !important;padding-left: 10% !important;background-color: #000000 !important;}&#8221;][vc_column][vc_column_text css=&#8221;&#8221;]\n<h2 class=\"uppercase\" style=\"text-align: left;\"><span style=\"font-size: 160%;\" data-text-color=\"success\">Contact<\/span><\/h2>\n[\/vc_column_text][vc_row_inner equal_height=&#8221;yes&#8221; gap=&#8221;30&#8243;][vc_column_inner width=&#8221;1\/2&#8243;][vc_column_text css=&#8221;&#8221;]<style id=\"wpforms-css-vars-960\">\n\t\t\t\t#wpforms-960 {\n\t\t\t\t--wpforms-field-border-color: #ffffff;\n--wpforms-field-border-color-spare: #ffffff;\n--wpforms-field-text-color: #9c9797;\n--wpforms-label-color: #ffffff;\n--wpforms-label-sublabel-color: #dedede;\n--wpforms-button-background-color: #ffffff;\n--wpforms-button-text-color: #424242;\n--wpforms-container-padding: 0px;\n--wpforms-container-border-width: 1px;\n--wpforms-container-border-radius: 3px;\n--wpforms-background-color: rgba(0, 0, 0, 0);\n--wpforms-field-size-input-height: 43px;\n--wpforms-field-size-input-spacing: 15px;\n--wpforms-field-size-font-size: 16px;\n--wpforms-field-size-line-height: 19px;\n--wpforms-field-size-padding-h: 14px;\n--wpforms-field-size-checkbox-size: 16px;\n--wpforms-field-size-sublabel-spacing: 5px;\n--wpforms-field-size-icon-size: 1;\n--wpforms-label-size-font-size: 16px;\n--wpforms-label-size-line-height: 19px;\n--wpforms-label-size-sublabel-font-size: 14px;\n--wpforms-label-size-sublabel-line-height: 17px;\n--wpforms-button-size-font-size: 17px;\n--wpforms-button-size-height: 41px;\n--wpforms-button-size-padding-h: 15px;\n--wpforms-button-size-margin-top: 10px;\n--wpforms-container-shadow-size-box-shadow: none;\n\t\t\t}\n\t\t\t<\/style><div class=\"wpforms-container wpforms-container-full wpforms-render-modern\" id=\"wpforms-960\"><form id=\"wpforms-form-960\" class=\"wpforms-validate wpforms-form wpforms-ajax-form\" data-formid=\"960\" method=\"post\" enctype=\"multipart\/form-data\" action=\"\/en\/wp-json\/wp\/v2\/pages\/860\" data-token=\"96e005cebd563a96a2bf30fd10a77414\" data-token-time=\"1776422994\"><noscript class=\"wpforms-error-noscript\">Please enable JavaScript in your browser to complete this form.<\/noscript><div id=\"wpforms-error-noscript\" style=\"display: none;\">Please enable JavaScript in your browser to complete this form.<\/div><div class=\"wpforms-field-container\">\t\t<div id=\"wpforms-960-field_6-container\"\n\t\t\tclass=\"wpforms-field wpforms-field-text\"\n\t\t\tdata-field-type=\"text\"\n\t\t\tdata-field-id=\"6\"\n\t\t\t>\n\t\t\t<label class=\"wpforms-field-label\" for=\"wpforms-960-field_6\" >Select message name<\/label>\n\t\t\t<input type=\"text\" id=\"wpforms-960-field_6\" class=\"wpforms-field-medium\" name=\"wpforms[fields][6]\" >\n\t\t<\/div>\n\t\t<div id=\"wpforms-960-field_1-container\" class=\"wpforms-field wpforms-field-name\" data-field-id=\"1\"><fieldset><legend class=\"wpforms-field-label\">First name <span class=\"wpforms-required-label\" aria-hidden=\"true\">*<\/span><\/legend><div class=\"wpforms-field-row wpforms-field-large\"><div class=\"wpforms-field-row-block wpforms-first wpforms-one-half\"><input type=\"text\" id=\"wpforms-960-field_1\" class=\"wpforms-field-name-first wpforms-field-required\" name=\"wpforms[fields][1][first]\" placeholder=\"First name\" aria-errormessage=\"wpforms-960-field_1-error\" required><label for=\"wpforms-960-field_1\" class=\"wpforms-field-sublabel after wpforms-sublabel-hide\">First<\/label><\/div><div class=\"wpforms-field-row-block wpforms-one-half\"><input type=\"text\" id=\"wpforms-960-field_1-last\" class=\"wpforms-field-name-last wpforms-field-required\" name=\"wpforms[fields][1][last]\" placeholder=\"Last name\" aria-errormessage=\"wpforms-960-field_1-last-error\" required><label for=\"wpforms-960-field_1-last\" class=\"wpforms-field-sublabel after wpforms-sublabel-hide\">Last<\/label><\/div><\/div><\/fieldset><\/div><div id=\"wpforms-960-field_2-container\" class=\"wpforms-field wpforms-field-email\" data-field-id=\"2\"><label class=\"wpforms-field-label\" for=\"wpforms-960-field_2\">Email address <span class=\"wpforms-required-label\" aria-hidden=\"true\">*<\/span><\/label><input type=\"email\" id=\"wpforms-960-field_2\" class=\"wpforms-field-large wpforms-field-required\" name=\"wpforms[fields][2]\" spellcheck=\"false\" aria-errormessage=\"wpforms-960-field_2-error\" required><\/div><div id=\"wpforms-960-field_4-container\" class=\"wpforms-field wpforms-field-number\" data-field-id=\"4\"><label class=\"wpforms-field-label\" for=\"wpforms-960-field_4\">Phone number <span class=\"wpforms-required-label\" aria-hidden=\"true\">*<\/span><\/label><input type=\"number\" id=\"wpforms-960-field_4\" class=\"wpforms-field-large wpforms-field-required\" name=\"wpforms[fields][4]\" step=\"any\" aria-errormessage=\"wpforms-960-field_4-error\" required><\/div><div id=\"wpforms-960-field_5-container\" class=\"wpforms-field wpforms-field-select wpforms-field-select-style-classic\" data-field-id=\"5\"><label class=\"wpforms-field-label\" for=\"wpforms-960-field_5\">Select<\/label><select id=\"wpforms-960-field_5\" class=\"wpforms-field-large\" name=\"wpforms[fields][5]\"><option value=\"I want to book an event\"  selected='selected' class=\"choice-1 depth-1\"  >I want to book an event<\/option><option value=\"I want to send a proposal\"  class=\"choice-2 depth-1\"  >I want to send a proposal<\/option><option value=\"I want to contact Xema\"  class=\"choice-3 depth-1\"  >I want to contact Xema<\/option><\/select><\/div><div id=\"wpforms-960-field_3-container\" class=\"wpforms-field wpforms-field-textarea\" data-field-id=\"3\"><label class=\"wpforms-field-label\" for=\"wpforms-960-field_3\">Comment or message<\/label><textarea id=\"wpforms-960-field_3\" class=\"wpforms-field-medium\" name=\"wpforms[fields][3]\" aria-errormessage=\"wpforms-960-field_3-error\" ><\/textarea><\/div><script>\n\t\t\t\t( function() {\n\t\t\t\t\tconst style = document.createElement( 'style' );\n\t\t\t\t\tstyle.appendChild( document.createTextNode( '#wpforms-960-field_6-container { position: absolute !important; overflow: hidden !important; display: inline !important; height: 1px !important; width: 1px !important; z-index: -1000 !important; padding: 0 !important; } #wpforms-960-field_6-container input { visibility: hidden; } #wpforms-conversational-form-page #wpforms-960-field_6-container label { counter-increment: none; }' ) );\n\t\t\t\t\tdocument.head.appendChild( style );\n\t\t\t\t\tdocument.currentScript?.remove();\n\t\t\t\t} )();\n\t\t\t<\/script><\/div><!-- .wpforms-field-container --><div class=\"wpforms-submit-container\" ><input type=\"hidden\" name=\"wpforms[id]\" value=\"960\"><input type=\"hidden\" name=\"page_title\" value=\"\"><input type=\"hidden\" name=\"page_url\" value=\"https:\/\/xemamusicayteatro.com\/en\/wp-json\/wp\/v2\/pages\/860\"><input type=\"hidden\" name=\"url_referer\" value=\"\"><button type=\"submit\" name=\"wpforms[submit]\" id=\"wpforms-submit-960\" class=\"wpforms-submit\" data-alt-text=\"Sending...\" data-submit-text=\"Send\" aria-live=\"assertive\" value=\"wpforms-submit\">Send<\/button><img loading=\"lazy\" decoding=\"async\" src=\"https:\/\/xemamusicayteatro.com\/wp-content\/plugins\/wpforms-lite\/assets\/images\/submit-spin.svg\" class=\"wpforms-submit-spinner\" style=\"display: none;\" width=\"26\" height=\"26\" alt=\"Loading\"><\/div><\/form><\/div>  <!-- .wpforms-container -->[\/vc_column_text][\/vc_column_inner][vc_column_inner width=&#8221;1\/2&#8243;][vc_empty_space][vc_single_image image=&#8221;579&#8243; img_size=&#8221;large&#8221; alignment=&#8221;center&#8221; css=&#8221;&#8221;][vc_empty_space][vc_column_text css=&#8221;&#8221;]\n<p style=\"text-align: center;\"><span style=\"font-size: 140%;\" data-text-color=\"success\"><strong data-start=\"150\" data-end=\"166\">Xema Soriano<\/strong>. | Phone: (+34) 653 96 22 27 | Email: hola@xemamusicayteatro.com<\/span><\/p>\n[\/vc_column_text][\/vc_column_inner][\/vc_row_inner][\/vc_column][\/vc_row]\n<\/div>","protected":false},"excerpt":{"rendered":"[vc_row css=&#8221;.vc_custom_1765982038474{padding-top: 5% !important;padding-right: 10% !important;padding-bottom: 5% !important;padding-left: 10% !important;background-color: #000000 !important;}&#8221;][vc_column][vc_column_text css=&#8221;&#8221;] Contact [\/vc_column_text][vc_row_inner equal_height=&#8221;yes&#8221; gap=&#8221;30&#8243;][vc_column_inner width=&#8221;1\/2&#8243;][vc_column_text css=&#8221;&#8221;][\/vc_column_text][\/vc_column_inner][vc_column_inner width=&#8221;1\/2&#8243;][vc_empty_space][vc_single_image image=&#8221;579&#8243; img_size=&#8221;large&#8221; alignment=&#8221;center&#8221; css=&#8221;&#8221;][vc_empty_space][vc_column_text css=&#8221;&#8221;] Xema Soriano. | Phone: (+34) 653 96 22 27 | Email: hola@xemamusicayteatro.com [\/vc_column_text][\/vc_column_inner][\/vc_row_inner][\/vc_column][\/vc_row]\n","protected":false},"author":2,"featured_media":0,"parent":0,"menu_order":0,"comment_status":"closed","ping_status":"closed","template":"page-blank.php","meta":{"footnotes":""},"class_list":["post-860","page","type-page","status-publish","hentry"],"yoast_head":"<!-- This site is optimized with the Yoast SEO plugin v27.2 - https:\/\/yoast.com\/product\/yoast-seo-wordpress\/ -->\n<title>Contact &#8902; Xema M\u00fasica y Teatro<\/title>\n<meta name=\"robots\" content=\"index, follow, max-snippet:-1, max-image-preview:large, max-video-preview:-1\" \/>\n<link rel=\"canonical\" href=\"https:\/\/xemamusicayteatro.com\/en\/contact\/\" \/>\n<meta property=\"og:locale\" content=\"en_US\" \/>\n<meta property=\"og:type\" content=\"article\" \/>\n<meta property=\"og:title\" content=\"Contact &#8902; Xema M\u00fasica y Teatro\" \/>\n<meta property=\"og:description\" content=\"[vc_row css=&#8221;.vc_custom_1765982038474{padding-top: 5% !important;padding-right: 10% !important;padding-bottom: 5% !important;padding-left: 10% !important;background-color: #000000 !important;}&#8221;][vc_column][vc_column_text css=&#8221;&#8221;] Contact [\/vc_column_text][vc_row_inner equal_height=&#8221;yes&#8221; gap=&#8221;30&#8243;][vc_column_inner width=&#8221;1\/2&#8243;][vc_column_text css=&#8221;&#8221;][\/vc_column_text][\/vc_column_inner][vc_column_inner width=&#8221;1\/2&#8243;][vc_empty_space][vc_single_image image=&#8221;579&#8243; img_size=&#8221;large&#8221; alignment=&#8221;center&#8221; css=&#8221;&#8221;][vc_empty_space][vc_column_text css=&#8221;&#8221;] Xema Soriano. | Phone: (+34) 653 96 22 27 | Email: hola@xemamusicayteatro.com [\/vc_column_text][\/vc_column_inner][\/vc_row_inner][\/vc_column][\/vc_row]\" \/>\n<meta property=\"og:url\" content=\"https:\/\/xemamusicayteatro.com\/en\/contact\/\" \/>\n<meta property=\"og:site_name\" content=\"Xema M\u00fasica y Teatro\" \/>\n<meta property=\"article:modified_time\" content=\"2025-12-17T16:23:27+00:00\" \/>\n<meta name=\"twitter:card\" content=\"summary_large_image\" \/>\n<meta name=\"twitter:label1\" content=\"Est. reading time\" \/>\n\t<meta name=\"twitter:data1\" content=\"1 minute\" \/>\n<script type=\"application\/ld+json\" class=\"yoast-schema-graph\">{\"@context\":\"https:\/\/schema.org\",\"@graph\":[{\"@type\":\"WebPage\",\"@id\":\"https:\/\/xemamusicayteatro.com\/en\/contact\/\",\"url\":\"https:\/\/xemamusicayteatro.com\/en\/contact\/\",\"name\":\"Contact &#8902; Xema M\u00fasica y Teatro\",\"isPartOf\":{\"@id\":\"https:\/\/xemamusicayteatro.com\/en\/#website\"},\"datePublished\":\"2025-09-08T13:54:00+00:00\",\"dateModified\":\"2025-12-17T16:23:27+00:00\",\"breadcrumb\":{\"@id\":\"https:\/\/xemamusicayteatro.com\/en\/contact\/#breadcrumb\"},\"inLanguage\":\"en-US\",\"potentialAction\":[{\"@type\":\"ReadAction\",\"target\":[\"https:\/\/xemamusicayteatro.com\/en\/contact\/\"]}]},{\"@type\":\"BreadcrumbList\",\"@id\":\"https:\/\/xemamusicayteatro.com\/en\/contact\/#breadcrumb\",\"itemListElement\":[{\"@type\":\"ListItem\",\"position\":1,\"name\":\"Portada\",\"item\":\"https:\/\/xemamusicayteatro.com\/en\/inicio-2\/\"},{\"@type\":\"ListItem\",\"position\":2,\"name\":\"Contact\"}]},{\"@type\":\"WebSite\",\"@id\":\"https:\/\/xemamusicayteatro.com\/en\/#website\",\"url\":\"https:\/\/xemamusicayteatro.com\/en\/\",\"name\":\"Xema M\u00fasica y Teatro\",\"description\":\"Gesti\u00f3n art\u00edstica de m\u00fasica, teatro y beb\u00e9s. Conectando talento con \u00e9xito.\",\"publisher\":{\"@id\":\"https:\/\/xemamusicayteatro.com\/en\/#organization\"},\"alternateName\":\"Contrataci\u00f3n de Teatro y M\u00fasica | Gestor Art\u00edstico | Xema M\u00fasica y Teatro\",\"potentialAction\":[{\"@type\":\"SearchAction\",\"target\":{\"@type\":\"EntryPoint\",\"urlTemplate\":\"https:\/\/xemamusicayteatro.com\/en\/?s={search_term_string}\"},\"query-input\":{\"@type\":\"PropertyValueSpecification\",\"valueRequired\":true,\"valueName\":\"search_term_string\"}}],\"inLanguage\":\"en-US\"},{\"@type\":\"Organization\",\"@id\":\"https:\/\/xemamusicayteatro.com\/en\/#organization\",\"name\":\"Xema M\u00fasica y Teatro\",\"url\":\"https:\/\/xemamusicayteatro.com\/en\/\",\"logo\":{\"@type\":\"ImageObject\",\"inLanguage\":\"en-US\",\"@id\":\"https:\/\/xemamusicayteatro.com\/en\/#\/schema\/logo\/image\/\",\"url\":\"https:\/\/xemamusicayteatro.com\/wp-content\/uploads\/2025\/09\/ImagotipoHorizontal-Blanco.svg\",\"contentUrl\":\"https:\/\/xemamusicayteatro.com\/wp-content\/uploads\/2025\/09\/ImagotipoHorizontal-Blanco.svg\",\"width\":1,\"height\":1,\"caption\":\"Xema M\u00fasica y Teatro\"},\"image\":{\"@id\":\"https:\/\/xemamusicayteatro.com\/en\/#\/schema\/logo\/image\/\"}}]}<\/script>\n<!-- \/ Yoast SEO plugin. -->","yoast_head_json":{"title":"Contact &#8902; Xema M\u00fasica y Teatro","robots":{"index":"index","follow":"follow","max-snippet":"max-snippet:-1","max-image-preview":"max-image-preview:large","max-video-preview":"max-video-preview:-1"},"canonical":"https:\/\/xemamusicayteatro.com\/en\/contact\/","og_locale":"en_US","og_type":"article","og_title":"Contact &#8902; Xema M\u00fasica y Teatro","og_description":"[vc_row css=&#8221;.vc_custom_1765982038474{padding-top: 5% !important;padding-right: 10% !important;padding-bottom: 5% !important;padding-left: 10% !important;background-color: #000000 !important;}&#8221;][vc_column][vc_column_text css=&#8221;&#8221;] Contact [\/vc_column_text][vc_row_inner equal_height=&#8221;yes&#8221; gap=&#8221;30&#8243;][vc_column_inner width=&#8221;1\/2&#8243;][vc_column_text css=&#8221;&#8221;][\/vc_column_text][\/vc_column_inner][vc_column_inner width=&#8221;1\/2&#8243;][vc_empty_space][vc_single_image image=&#8221;579&#8243; img_size=&#8221;large&#8221; alignment=&#8221;center&#8221; css=&#8221;&#8221;][vc_empty_space][vc_column_text css=&#8221;&#8221;] Xema Soriano. | Phone: (+34) 653 96 22 27 | Email: hola@xemamusicayteatro.com [\/vc_column_text][\/vc_column_inner][\/vc_row_inner][\/vc_column][\/vc_row]","og_url":"https:\/\/xemamusicayteatro.com\/en\/contact\/","og_site_name":"Xema M\u00fasica y Teatro","article_modified_time":"2025-12-17T16:23:27+00:00","twitter_card":"summary_large_image","twitter_misc":{"Est. reading time":"1 minute"},"schema":{"@context":"https:\/\/schema.org","@graph":[{"@type":"WebPage","@id":"https:\/\/xemamusicayteatro.com\/en\/contact\/","url":"https:\/\/xemamusicayteatro.com\/en\/contact\/","name":"Contact &#8902; Xema M\u00fasica y Teatro","isPartOf":{"@id":"https:\/\/xemamusicayteatro.com\/en\/#website"},"datePublished":"2025-09-08T13:54:00+00:00","dateModified":"2025-12-17T16:23:27+00:00","breadcrumb":{"@id":"https:\/\/xemamusicayteatro.com\/en\/contact\/#breadcrumb"},"inLanguage":"en-US","potentialAction":[{"@type":"ReadAction","target":["https:\/\/xemamusicayteatro.com\/en\/contact\/"]}]},{"@type":"BreadcrumbList","@id":"https:\/\/xemamusicayteatro.com\/en\/contact\/#breadcrumb","itemListElement":[{"@type":"ListItem","position":1,"name":"Portada","item":"https:\/\/xemamusicayteatro.com\/en\/inicio-2\/"},{"@type":"ListItem","position":2,"name":"Contact"}]},{"@type":"WebSite","@id":"https:\/\/xemamusicayteatro.com\/en\/#website","url":"https:\/\/xemamusicayteatro.com\/en\/","name":"Xema M\u00fasica y Teatro","description":"Gesti\u00f3n art\u00edstica de m\u00fasica, teatro y beb\u00e9s. Conectando talento con \u00e9xito.","publisher":{"@id":"https:\/\/xemamusicayteatro.com\/en\/#organization"},"alternateName":"Contrataci\u00f3n de Teatro y M\u00fasica | Gestor Art\u00edstico | Xema M\u00fasica y Teatro","potentialAction":[{"@type":"SearchAction","target":{"@type":"EntryPoint","urlTemplate":"https:\/\/xemamusicayteatro.com\/en\/?s={search_term_string}"},"query-input":{"@type":"PropertyValueSpecification","valueRequired":true,"valueName":"search_term_string"}}],"inLanguage":"en-US"},{"@type":"Organization","@id":"https:\/\/xemamusicayteatro.com\/en\/#organization","name":"Xema M\u00fasica y Teatro","url":"https:\/\/xemamusicayteatro.com\/en\/","logo":{"@type":"ImageObject","inLanguage":"en-US","@id":"https:\/\/xemamusicayteatro.com\/en\/#\/schema\/logo\/image\/","url":"https:\/\/xemamusicayteatro.com\/wp-content\/uploads\/2025\/09\/ImagotipoHorizontal-Blanco.svg","contentUrl":"https:\/\/xemamusicayteatro.com\/wp-content\/uploads\/2025\/09\/ImagotipoHorizontal-Blanco.svg","width":1,"height":1,"caption":"Xema M\u00fasica y Teatro"},"image":{"@id":"https:\/\/xemamusicayteatro.com\/en\/#\/schema\/logo\/image\/"}}]}},"_links":{"self":[{"href":"https:\/\/xemamusicayteatro.com\/en\/wp-json\/wp\/v2\/pages\/860","targetHints":{"allow":["GET"]}}],"collection":[{"href":"https:\/\/xemamusicayteatro.com\/en\/wp-json\/wp\/v2\/pages"}],"about":[{"href":"https:\/\/xemamusicayteatro.com\/en\/wp-json\/wp\/v2\/types\/page"}],"author":[{"embeddable":true,"href":"https:\/\/xemamusicayteatro.com\/en\/wp-json\/wp\/v2\/users\/2"}],"replies":[{"embeddable":true,"href":"https:\/\/xemamusicayteatro.com\/en\/wp-json\/wp\/v2\/comments?post=860"}],"version-history":[{"count":7,"href":"https:\/\/xemamusicayteatro.com\/en\/wp-json\/wp\/v2\/pages\/860\/revisions"}],"predecessor-version":[{"id":966,"href":"https:\/\/xemamusicayteatro.com\/en\/wp-json\/wp\/v2\/pages\/860\/revisions\/966"}],"wp:attachment":[{"href":"https:\/\/xemamusicayteatro.com\/en\/wp-json\/wp\/v2\/media?parent=860"}],"curies":[{"name":"wp","href":"https:\/\/api.w.org\/{rel}","templated":true}]}}