{"id":853,"date":"2025-09-08T13:52:53","date_gmt":"2025-09-08T13:52:53","guid":{"rendered":"https:\/\/xemamusicayteatro.com\/conoceme\/"},"modified":"2025-10-20T10:23:47","modified_gmt":"2025-10-20T10:23:47","slug":"about-me","status":"publish","type":"page","link":"https:\/\/xemamusicayteatro.com\/en\/about-me\/","title":{"rendered":"About me"},"content":{"rendered":"<div class=\"wpb-content-wrapper\">[vc_row css=&#8221;.vc_custom_1760710645328{padding-top: 5% !important;padding-right: 5% !important;padding-bottom: 5% !important;padding-left: 5% !important;background-color: #FFFFFF !important;}&#8221;][vc_column][vc_row_inner gap=&#8221;30&#8243;][vc_column_inner width=&#8221;1\/4&#8243;][vc_single_image image=&#8221;856&#8243; img_size=&#8221;large&#8221; alignment=&#8221;center&#8221; style=&#8221;vc_box_shadow_3d&#8221; css=&#8221;&#8221;][\/vc_column_inner][vc_column_inner width=&#8221;3\/4&#8243;][vc_column_text css=&#8221;&#8221;]\n<h2><span style=\"font-size: 200%;\"><img decoding=\"async\" class=\"alignnone size-full wp-image-44\" src=\"https:\/\/xemamusicayteatro.com\/wp-content\/uploads\/2025\/09\/LogotipoHorizontal-Negro.svg\" alt=\"\" \/><\/span><\/h2>\n[\/vc_column_text][vc_column_text css=&#8221;&#8221;]\n<p style=\"text-align: justify;\" data-start=\"0\" data-end=\"242\">I\u2019m<strong> Xema Soriano<\/strong>, an artistic manager specialized in music and theatre. With a background in performing arts and business management, I decided to bring my two passions together to support artists and companies in their professional growth. Today, I represent musical and theatrical projects with a strategic yet personal approach, connecting talent with cultural programmers, festivals, and institutions. My work is about building bridges between creativity and management, listening, understanding, and finding solutions that allow each artistic proposal to shine on the right stage. I believe in professionalism, loyalty, and authenticity as the foundations of my work, taking care of every detail in the process to transform the artists\u2019 vision into memorable cultural experiences for the audience.<\/p>\n[\/vc_column_text][\/vc_column_inner][\/vc_row_inner][\/vc_column][\/vc_row][vc_row css=&#8221;.vc_custom_1760710609027{padding-top: 16% !important;padding-bottom: 15% !important;background-image: url(https:\/\/xemamusicayteatro.com\/wp-content\/uploads\/2025\/09\/page1_img1.png?id=62) !important;background-position: center !important;background-repeat: no-repeat !important;background-size: cover !important;}&#8221;][vc_column][\/vc_column][\/vc_row]\n<\/div>","protected":false},"excerpt":{"rendered":"[vc_row css=&#8221;.vc_custom_1760710645328{padding-top: 5% !important;padding-right: 5% !important;padding-bottom: 5% !important;padding-left: 5% !important;background-color: #FFFFFF !important;}&#8221;][vc_column][vc_row_inner gap=&#8221;30&#8243;][vc_column_inner width=&#8221;1\/4&#8243;][vc_single_image image=&#8221;856&#8243; img_size=&#8221;large&#8221; alignment=&#8221;center&#8221; style=&#8221;vc_box_shadow_3d&#8221; css=&#8221;&#8221;][\/vc_column_inner][vc_column_inner width=&#8221;3\/4&#8243;][vc_column_text css=&#8221;&#8221;] [\/vc_column_text][vc_column_text css=&#8221;&#8221;] I\u2019m Xema Soriano, an artistic manager specialized in music and theatre. With a background in performing arts and business management, I decided to bring my two passions together to support artists and [&#8230;]\n","protected":false},"author":2,"featured_media":0,"parent":0,"menu_order":0,"comment_status":"closed","ping_status":"closed","template":"page-blank.php","meta":{"footnotes":""},"class_list":["post-853","page","type-page","status-publish","hentry"],"yoast_head":"<!-- This site is optimized with the Yoast SEO plugin v27.2 - https:\/\/yoast.com\/product\/yoast-seo-wordpress\/ -->\n<title>About me &#8902; Xema M\u00fasica y Teatro<\/title>\n<meta name=\"robots\" content=\"index, follow, max-snippet:-1, max-image-preview:large, max-video-preview:-1\" \/>\n<link rel=\"canonical\" href=\"https:\/\/xemamusicayteatro.com\/en\/about-me\/\" \/>\n<meta property=\"og:locale\" content=\"en_US\" \/>\n<meta property=\"og:type\" content=\"article\" \/>\n<meta property=\"og:title\" content=\"About me &#8902; Xema M\u00fasica y Teatro\" \/>\n<meta property=\"og:description\" content=\"[vc_row css=&#8221;.vc_custom_1760710645328{padding-top: 5% !important;padding-right: 5% !important;padding-bottom: 5% !important;padding-left: 5% !important;background-color: #FFFFFF !important;}&#8221;][vc_column][vc_row_inner gap=&#8221;30&#8243;][vc_column_inner width=&#8221;1\/4&#8243;][vc_single_image image=&#8221;856&#8243; img_size=&#8221;large&#8221; alignment=&#8221;center&#8221; style=&#8221;vc_box_shadow_3d&#8221; css=&#8221;&#8221;][\/vc_column_inner][vc_column_inner width=&#8221;3\/4&#8243;][vc_column_text css=&#8221;&#8221;] [\/vc_column_text][vc_column_text css=&#8221;&#8221;] I\u2019m Xema Soriano, an artistic manager specialized in music and theatre. With a background in performing arts and business management, I decided to bring my two passions together to support artists and [...]\" \/>\n<meta property=\"og:url\" content=\"https:\/\/xemamusicayteatro.com\/en\/about-me\/\" \/>\n<meta property=\"og:site_name\" content=\"Xema M\u00fasica y Teatro\" \/>\n<meta property=\"article:modified_time\" content=\"2025-10-20T10:23:47+00:00\" \/>\n<meta name=\"twitter:card\" content=\"summary_large_image\" \/>\n<meta name=\"twitter:label1\" content=\"Est. reading time\" \/>\n\t<meta name=\"twitter:data1\" content=\"1 minute\" \/>\n<script type=\"application\/ld+json\" class=\"yoast-schema-graph\">{\"@context\":\"https:\/\/schema.org\",\"@graph\":[{\"@type\":\"WebPage\",\"@id\":\"https:\/\/xemamusicayteatro.com\/en\/about-me\/\",\"url\":\"https:\/\/xemamusicayteatro.com\/en\/about-me\/\",\"name\":\"About me &#8902; Xema M\u00fasica y Teatro\",\"isPartOf\":{\"@id\":\"https:\/\/xemamusicayteatro.com\/en\/#website\"},\"primaryImageOfPage\":{\"@id\":\"https:\/\/xemamusicayteatro.com\/en\/about-me\/#primaryimage\"},\"image\":{\"@id\":\"https:\/\/xemamusicayteatro.com\/en\/about-me\/#primaryimage\"},\"thumbnailUrl\":\"https:\/\/xemamusicayteatro.com\/wp-content\/uploads\/2025\/09\/LogotipoHorizontal-Negro.svg\",\"datePublished\":\"2025-09-08T13:52:53+00:00\",\"dateModified\":\"2025-10-20T10:23:47+00:00\",\"breadcrumb\":{\"@id\":\"https:\/\/xemamusicayteatro.com\/en\/about-me\/#breadcrumb\"},\"inLanguage\":\"en-US\",\"potentialAction\":[{\"@type\":\"ReadAction\",\"target\":[\"https:\/\/xemamusicayteatro.com\/en\/about-me\/\"]}]},{\"@type\":\"ImageObject\",\"inLanguage\":\"en-US\",\"@id\":\"https:\/\/xemamusicayteatro.com\/en\/about-me\/#primaryimage\",\"url\":\"https:\/\/xemamusicayteatro.com\/wp-content\/uploads\/2025\/09\/LogotipoHorizontal-Negro.svg\",\"contentUrl\":\"https:\/\/xemamusicayteatro.com\/wp-content\/uploads\/2025\/09\/LogotipoHorizontal-Negro.svg\"},{\"@type\":\"BreadcrumbList\",\"@id\":\"https:\/\/xemamusicayteatro.com\/en\/about-me\/#breadcrumb\",\"itemListElement\":[{\"@type\":\"ListItem\",\"position\":1,\"name\":\"Portada\",\"item\":\"https:\/\/xemamusicayteatro.com\/en\/inicio-2\/\"},{\"@type\":\"ListItem\",\"position\":2,\"name\":\"About me\"}]},{\"@type\":\"WebSite\",\"@id\":\"https:\/\/xemamusicayteatro.com\/en\/#website\",\"url\":\"https:\/\/xemamusicayteatro.com\/en\/\",\"name\":\"Xema M\u00fasica y Teatro\",\"description\":\"Gesti\u00f3n art\u00edstica de m\u00fasica, teatro y beb\u00e9s. Conectando talento con \u00e9xito.\",\"publisher\":{\"@id\":\"https:\/\/xemamusicayteatro.com\/en\/#organization\"},\"alternateName\":\"Contrataci\u00f3n de Teatro y M\u00fasica | Gestor Art\u00edstico | Xema M\u00fasica y Teatro\",\"potentialAction\":[{\"@type\":\"SearchAction\",\"target\":{\"@type\":\"EntryPoint\",\"urlTemplate\":\"https:\/\/xemamusicayteatro.com\/en\/?s={search_term_string}\"},\"query-input\":{\"@type\":\"PropertyValueSpecification\",\"valueRequired\":true,\"valueName\":\"search_term_string\"}}],\"inLanguage\":\"en-US\"},{\"@type\":\"Organization\",\"@id\":\"https:\/\/xemamusicayteatro.com\/en\/#organization\",\"name\":\"Xema M\u00fasica y Teatro\",\"url\":\"https:\/\/xemamusicayteatro.com\/en\/\",\"logo\":{\"@type\":\"ImageObject\",\"inLanguage\":\"en-US\",\"@id\":\"https:\/\/xemamusicayteatro.com\/en\/#\/schema\/logo\/image\/\",\"url\":\"https:\/\/xemamusicayteatro.com\/wp-content\/uploads\/2025\/09\/ImagotipoHorizontal-Blanco.svg\",\"contentUrl\":\"https:\/\/xemamusicayteatro.com\/wp-content\/uploads\/2025\/09\/ImagotipoHorizontal-Blanco.svg\",\"width\":1,\"height\":1,\"caption\":\"Xema M\u00fasica y Teatro\"},\"image\":{\"@id\":\"https:\/\/xemamusicayteatro.com\/en\/#\/schema\/logo\/image\/\"}}]}<\/script>\n<!-- \/ Yoast SEO plugin. -->","yoast_head_json":{"title":"About me &#8902; Xema M\u00fasica y Teatro","robots":{"index":"index","follow":"follow","max-snippet":"max-snippet:-1","max-image-preview":"max-image-preview:large","max-video-preview":"max-video-preview:-1"},"canonical":"https:\/\/xemamusicayteatro.com\/en\/about-me\/","og_locale":"en_US","og_type":"article","og_title":"About me &#8902; Xema M\u00fasica y Teatro","og_description":"[vc_row css=&#8221;.vc_custom_1760710645328{padding-top: 5% !important;padding-right: 5% !important;padding-bottom: 5% !important;padding-left: 5% !important;background-color: #FFFFFF !important;}&#8221;][vc_column][vc_row_inner gap=&#8221;30&#8243;][vc_column_inner width=&#8221;1\/4&#8243;][vc_single_image image=&#8221;856&#8243; img_size=&#8221;large&#8221; alignment=&#8221;center&#8221; style=&#8221;vc_box_shadow_3d&#8221; css=&#8221;&#8221;][\/vc_column_inner][vc_column_inner width=&#8221;3\/4&#8243;][vc_column_text css=&#8221;&#8221;] [\/vc_column_text][vc_column_text css=&#8221;&#8221;] I\u2019m Xema Soriano, an artistic manager specialized in music and theatre. With a background in performing arts and business management, I decided to bring my two passions together to support artists and [...]","og_url":"https:\/\/xemamusicayteatro.com\/en\/about-me\/","og_site_name":"Xema M\u00fasica y Teatro","article_modified_time":"2025-10-20T10:23:47+00:00","twitter_card":"summary_large_image","twitter_misc":{"Est. reading time":"1 minute"},"schema":{"@context":"https:\/\/schema.org","@graph":[{"@type":"WebPage","@id":"https:\/\/xemamusicayteatro.com\/en\/about-me\/","url":"https:\/\/xemamusicayteatro.com\/en\/about-me\/","name":"About me &#8902; Xema M\u00fasica y Teatro","isPartOf":{"@id":"https:\/\/xemamusicayteatro.com\/en\/#website"},"primaryImageOfPage":{"@id":"https:\/\/xemamusicayteatro.com\/en\/about-me\/#primaryimage"},"image":{"@id":"https:\/\/xemamusicayteatro.com\/en\/about-me\/#primaryimage"},"thumbnailUrl":"https:\/\/xemamusicayteatro.com\/wp-content\/uploads\/2025\/09\/LogotipoHorizontal-Negro.svg","datePublished":"2025-09-08T13:52:53+00:00","dateModified":"2025-10-20T10:23:47+00:00","breadcrumb":{"@id":"https:\/\/xemamusicayteatro.com\/en\/about-me\/#breadcrumb"},"inLanguage":"en-US","potentialAction":[{"@type":"ReadAction","target":["https:\/\/xemamusicayteatro.com\/en\/about-me\/"]}]},{"@type":"ImageObject","inLanguage":"en-US","@id":"https:\/\/xemamusicayteatro.com\/en\/about-me\/#primaryimage","url":"https:\/\/xemamusicayteatro.com\/wp-content\/uploads\/2025\/09\/LogotipoHorizontal-Negro.svg","contentUrl":"https:\/\/xemamusicayteatro.com\/wp-content\/uploads\/2025\/09\/LogotipoHorizontal-Negro.svg"},{"@type":"BreadcrumbList","@id":"https:\/\/xemamusicayteatro.com\/en\/about-me\/#breadcrumb","itemListElement":[{"@type":"ListItem","position":1,"name":"Portada","item":"https:\/\/xemamusicayteatro.com\/en\/inicio-2\/"},{"@type":"ListItem","position":2,"name":"About me"}]},{"@type":"WebSite","@id":"https:\/\/xemamusicayteatro.com\/en\/#website","url":"https:\/\/xemamusicayteatro.com\/en\/","name":"Xema M\u00fasica y Teatro","description":"Gesti\u00f3n art\u00edstica de m\u00fasica, teatro y beb\u00e9s. Conectando talento con \u00e9xito.","publisher":{"@id":"https:\/\/xemamusicayteatro.com\/en\/#organization"},"alternateName":"Contrataci\u00f3n de Teatro y M\u00fasica | Gestor Art\u00edstico | Xema M\u00fasica y Teatro","potentialAction":[{"@type":"SearchAction","target":{"@type":"EntryPoint","urlTemplate":"https:\/\/xemamusicayteatro.com\/en\/?s={search_term_string}"},"query-input":{"@type":"PropertyValueSpecification","valueRequired":true,"valueName":"search_term_string"}}],"inLanguage":"en-US"},{"@type":"Organization","@id":"https:\/\/xemamusicayteatro.com\/en\/#organization","name":"Xema M\u00fasica y Teatro","url":"https:\/\/xemamusicayteatro.com\/en\/","logo":{"@type":"ImageObject","inLanguage":"en-US","@id":"https:\/\/xemamusicayteatro.com\/en\/#\/schema\/logo\/image\/","url":"https:\/\/xemamusicayteatro.com\/wp-content\/uploads\/2025\/09\/ImagotipoHorizontal-Blanco.svg","contentUrl":"https:\/\/xemamusicayteatro.com\/wp-content\/uploads\/2025\/09\/ImagotipoHorizontal-Blanco.svg","width":1,"height":1,"caption":"Xema M\u00fasica y Teatro"},"image":{"@id":"https:\/\/xemamusicayteatro.com\/en\/#\/schema\/logo\/image\/"}}]}},"_links":{"self":[{"href":"https:\/\/xemamusicayteatro.com\/en\/wp-json\/wp\/v2\/pages\/853","targetHints":{"allow":["GET"]}}],"collection":[{"href":"https:\/\/xemamusicayteatro.com\/en\/wp-json\/wp\/v2\/pages"}],"about":[{"href":"https:\/\/xemamusicayteatro.com\/en\/wp-json\/wp\/v2\/types\/page"}],"author":[{"embeddable":true,"href":"https:\/\/xemamusicayteatro.com\/en\/wp-json\/wp\/v2\/users\/2"}],"replies":[{"embeddable":true,"href":"https:\/\/xemamusicayteatro.com\/en\/wp-json\/wp\/v2\/comments?post=853"}],"version-history":[{"count":4,"href":"https:\/\/xemamusicayteatro.com\/en\/wp-json\/wp\/v2\/pages\/853\/revisions"}],"predecessor-version":[{"id":859,"href":"https:\/\/xemamusicayteatro.com\/en\/wp-json\/wp\/v2\/pages\/853\/revisions\/859"}],"wp:attachment":[{"href":"https:\/\/xemamusicayteatro.com\/en\/wp-json\/wp\/v2\/media?parent=853"}],"curies":[{"name":"wp","href":"https:\/\/api.w.org\/{rel}","templated":true}]}}