{"id":810,"date":"2025-10-17T13:04:28","date_gmt":"2025-10-17T13:04:28","guid":{"rendered":"https:\/\/xemamusicayteatro.com\/theatre\/la-compania-de-row\/rudolph\/"},"modified":"2025-10-20T10:09:19","modified_gmt":"2025-10-20T10:09:19","slug":"rudolph","status":"publish","type":"page","link":"https:\/\/xemamusicayteatro.com\/en\/theatre\/the-row-company\/rudolph\/","title":{"rendered":"Rudolph"},"content":{"rendered":"<div class=\"wpb-content-wrapper\">[vc_row css=&#8221;.vc_custom_1758806222386{padding-top: 5% !important;padding-right: 5% !important;padding-bottom: 5% !important;padding-left: 5% !important;background-color: #FFFFFF !important;}&#8221;][vc_column][vc_row_inner content_placement=&#8221;middle&#8221; gap=&#8221;20&#8243;][vc_column_inner width=&#8221;1\/2&#8243;][vc_column_text css=&#8221;&#8221;]<span style=\"font-size: 140%;\">THE ROW COMPANY<\/span><\/p>\n<h2><span style=\"font-size: 140%;\">Rudolph<\/span><\/h2>\n[\/vc_column_text][vc_empty_space height=&#8221;12px&#8221;][vc_column_text css=&#8221;&#8221;]\n<p style=\"text-align: justify;\" data-start=\"0\" data-end=\"213\">Everyone knows that Santa\u2019s sleigh is pulled by nine reindeer, and that one of them has a shiny red nose. But do we really know the story behind that special reindeer who looks a little different from the rest? It\u2019s Christmas Eve, and he\u2019s about to embark on the greatest adventure of his life. We invite you to step into Santa\u2019s workshop, hop on his sleigh with us, and discover that we can all fly when we let our imagination soar.<\/p>\n[\/vc_column_text][vc_empty_space][vc_video link=&#8221;https:\/\/www.youtube.com\/watch?v=J2XLZ3QKni0&#8243; css=&#8221;&#8221;][vc_empty_space][vc_column_text css=&#8221;&#8221;]\n<div id='gallery-1' class='gallery galleryid-810 gallery-columns-3 gallery-size-medium'><figure class='gallery-item'>\n\t\t\t<div class='gallery-icon landscape'>\n\t\t\t\t<a href='https:\/\/xemamusicayteatro.com\/wp-content\/uploads\/2025\/10\/Foto-13-Rudolph.jpg'><img loading=\"lazy\" decoding=\"async\" width=\"300\" height=\"200\" src=\"https:\/\/xemamusicayteatro.com\/wp-content\/uploads\/2025\/10\/Foto-13-Rudolph-300x200.jpg\" class=\"attachment-medium size-medium\" alt=\"\" srcset=\"https:\/\/xemamusicayteatro.com\/wp-content\/uploads\/2025\/10\/Foto-13-Rudolph-300x200.jpg 300w, https:\/\/xemamusicayteatro.com\/wp-content\/uploads\/2025\/10\/Foto-13-Rudolph-1024x681.jpg 1024w, https:\/\/xemamusicayteatro.com\/wp-content\/uploads\/2025\/10\/Foto-13-Rudolph-768x511.jpg 768w, https:\/\/xemamusicayteatro.com\/wp-content\/uploads\/2025\/10\/Foto-13-Rudolph.jpg 1500w\" sizes=\"auto, (max-width: 300px) 100vw, 300px\" \/><\/a>\n\t\t\t<\/div><\/figure><figure class='gallery-item'>\n\t\t\t<div class='gallery-icon landscape'>\n\t\t\t\t<a href='https:\/\/xemamusicayteatro.com\/wp-content\/uploads\/2025\/10\/Foto-15-Rudolph.jpg'><img loading=\"lazy\" decoding=\"async\" width=\"300\" height=\"200\" src=\"https:\/\/xemamusicayteatro.com\/wp-content\/uploads\/2025\/10\/Foto-15-Rudolph-300x200.jpg\" class=\"attachment-medium size-medium\" alt=\"\" srcset=\"https:\/\/xemamusicayteatro.com\/wp-content\/uploads\/2025\/10\/Foto-15-Rudolph-300x200.jpg 300w, https:\/\/xemamusicayteatro.com\/wp-content\/uploads\/2025\/10\/Foto-15-Rudolph-1024x682.jpg 1024w, https:\/\/xemamusicayteatro.com\/wp-content\/uploads\/2025\/10\/Foto-15-Rudolph-768x511.jpg 768w, https:\/\/xemamusicayteatro.com\/wp-content\/uploads\/2025\/10\/Foto-15-Rudolph.jpg 1500w\" sizes=\"auto, (max-width: 300px) 100vw, 300px\" \/><\/a>\n\t\t\t<\/div><\/figure>\n\t\t<\/div>\n\n[\/vc_column_text][\/vc_column_inner][vc_column_inner width=&#8221;1\/2&#8243;][vc_single_image image=&#8221;791&#8243; img_size=&#8221;large&#8221; alignment=&#8221;center&#8221; style=&#8221;vc_box_shadow_3d&#8221; css=&#8221;&#8221;][\/vc_column_inner][\/vc_row_inner][\/vc_column][\/vc_row]\n<\/div>","protected":false},"excerpt":{"rendered":"[vc_row css=&#8221;.vc_custom_1758806222386{padding-top: 5% !important;padding-right: 5% !important;padding-bottom: 5% !important;padding-left: 5% !important;background-color: #FFFFFF !important;}&#8221;][vc_column][vc_row_inner content_placement=&#8221;middle&#8221; gap=&#8221;20&#8243;][vc_column_inner width=&#8221;1\/2&#8243;][vc_column_text css=&#8221;&#8221;]THE ROW COMPANY Rudolph [\/vc_column_text][vc_empty_space height=&#8221;12px&#8221;][vc_column_text css=&#8221;&#8221;] Everyone knows that Santa\u2019s sleigh is pulled by nine reindeer, and that one of them has a shiny red nose. But do we really know the story behind that special reindeer who looks [&#8230;]\n","protected":false},"author":2,"featured_media":0,"parent":778,"menu_order":0,"comment_status":"closed","ping_status":"closed","template":"page-blank.php","meta":{"footnotes":""},"class_list":["post-810","page","type-page","status-publish","hentry"],"yoast_head":"<!-- This site is optimized with the Yoast SEO plugin v27.2 - https:\/\/yoast.com\/product\/yoast-seo-wordpress\/ -->\n<title>Rudolph &#8902; Xema M\u00fasica y Teatro<\/title>\n<meta name=\"robots\" content=\"index, follow, max-snippet:-1, max-image-preview:large, max-video-preview:-1\" \/>\n<link rel=\"canonical\" href=\"https:\/\/xemamusicayteatro.com\/en\/theatre\/the-row-company\/rudolph\/\" \/>\n<meta property=\"og:locale\" content=\"en_US\" \/>\n<meta property=\"og:type\" content=\"article\" \/>\n<meta property=\"og:title\" content=\"Rudolph &#8902; Xema M\u00fasica y Teatro\" \/>\n<meta property=\"og:description\" content=\"[vc_row css=&#8221;.vc_custom_1758806222386{padding-top: 5% !important;padding-right: 5% !important;padding-bottom: 5% !important;padding-left: 5% !important;background-color: #FFFFFF !important;}&#8221;][vc_column][vc_row_inner content_placement=&#8221;middle&#8221; gap=&#8221;20&#8243;][vc_column_inner width=&#8221;1\/2&#8243;][vc_column_text css=&#8221;&#8221;]THE ROW COMPANY Rudolph [\/vc_column_text][vc_empty_space height=&#8221;12px&#8221;][vc_column_text css=&#8221;&#8221;] Everyone knows that Santa\u2019s sleigh is pulled by nine reindeer, and that one of them has a shiny red nose. But do we really know the story behind that special reindeer who looks [...]\" \/>\n<meta property=\"og:url\" content=\"https:\/\/xemamusicayteatro.com\/en\/theatre\/the-row-company\/rudolph\/\" \/>\n<meta property=\"og:site_name\" content=\"Xema M\u00fasica y Teatro\" \/>\n<meta property=\"article:modified_time\" content=\"2025-10-20T10:09:19+00:00\" \/>\n<meta property=\"og:image\" content=\"https:\/\/xemamusicayteatro.com\/wp-content\/uploads\/2025\/10\/Foto-13-Rudolph-300x200.jpg\" \/>\n<meta name=\"twitter:card\" content=\"summary_large_image\" \/>\n<meta name=\"twitter:label1\" content=\"Est. reading time\" \/>\n\t<meta name=\"twitter:data1\" content=\"1 minute\" \/>\n<script type=\"application\/ld+json\" class=\"yoast-schema-graph\">{\"@context\":\"https:\/\/schema.org\",\"@graph\":[{\"@type\":\"WebPage\",\"@id\":\"https:\/\/xemamusicayteatro.com\/en\/theatre\/the-row-company\/rudolph\/\",\"url\":\"https:\/\/xemamusicayteatro.com\/en\/theatre\/the-row-company\/rudolph\/\",\"name\":\"Rudolph &#8902; Xema M\u00fasica y Teatro\",\"isPartOf\":{\"@id\":\"https:\/\/xemamusicayteatro.com\/en\/#website\"},\"datePublished\":\"2025-10-17T13:04:28+00:00\",\"dateModified\":\"2025-10-20T10:09:19+00:00\",\"breadcrumb\":{\"@id\":\"https:\/\/xemamusicayteatro.com\/en\/theatre\/the-row-company\/rudolph\/#breadcrumb\"},\"inLanguage\":\"en-US\",\"potentialAction\":[{\"@type\":\"ReadAction\",\"target\":[\"https:\/\/xemamusicayteatro.com\/en\/theatre\/the-row-company\/rudolph\/\"]}]},{\"@type\":\"BreadcrumbList\",\"@id\":\"https:\/\/xemamusicayteatro.com\/en\/theatre\/the-row-company\/rudolph\/#breadcrumb\",\"itemListElement\":[{\"@type\":\"ListItem\",\"position\":1,\"name\":\"Portada\",\"item\":\"https:\/\/xemamusicayteatro.com\/en\/inicio-2\/\"},{\"@type\":\"ListItem\",\"position\":2,\"name\":\"Theatre\",\"item\":\"https:\/\/xemamusicayteatro.com\/en\/theatre\/\"},{\"@type\":\"ListItem\",\"position\":3,\"name\":\"The Row Company\",\"item\":\"https:\/\/xemamusicayteatro.com\/en\/theatre\/the-row-company\/\"},{\"@type\":\"ListItem\",\"position\":4,\"name\":\"Rudolph\"}]},{\"@type\":\"WebSite\",\"@id\":\"https:\/\/xemamusicayteatro.com\/en\/#website\",\"url\":\"https:\/\/xemamusicayteatro.com\/en\/\",\"name\":\"Xema M\u00fasica y Teatro\",\"description\":\"Gesti\u00f3n art\u00edstica de m\u00fasica, teatro y beb\u00e9s. Conectando talento con \u00e9xito.\",\"publisher\":{\"@id\":\"https:\/\/xemamusicayteatro.com\/en\/#organization\"},\"alternateName\":\"Contrataci\u00f3n de Teatro y M\u00fasica | Gestor Art\u00edstico | Xema M\u00fasica y Teatro\",\"potentialAction\":[{\"@type\":\"SearchAction\",\"target\":{\"@type\":\"EntryPoint\",\"urlTemplate\":\"https:\/\/xemamusicayteatro.com\/en\/?s={search_term_string}\"},\"query-input\":{\"@type\":\"PropertyValueSpecification\",\"valueRequired\":true,\"valueName\":\"search_term_string\"}}],\"inLanguage\":\"en-US\"},{\"@type\":\"Organization\",\"@id\":\"https:\/\/xemamusicayteatro.com\/en\/#organization\",\"name\":\"Xema M\u00fasica y Teatro\",\"url\":\"https:\/\/xemamusicayteatro.com\/en\/\",\"logo\":{\"@type\":\"ImageObject\",\"inLanguage\":\"en-US\",\"@id\":\"https:\/\/xemamusicayteatro.com\/en\/#\/schema\/logo\/image\/\",\"url\":\"https:\/\/xemamusicayteatro.com\/wp-content\/uploads\/2025\/09\/ImagotipoHorizontal-Blanco.svg\",\"contentUrl\":\"https:\/\/xemamusicayteatro.com\/wp-content\/uploads\/2025\/09\/ImagotipoHorizontal-Blanco.svg\",\"width\":1,\"height\":1,\"caption\":\"Xema M\u00fasica y Teatro\"},\"image\":{\"@id\":\"https:\/\/xemamusicayteatro.com\/en\/#\/schema\/logo\/image\/\"}}]}<\/script>\n<!-- \/ Yoast SEO plugin. -->","yoast_head_json":{"title":"Rudolph &#8902; Xema M\u00fasica y Teatro","robots":{"index":"index","follow":"follow","max-snippet":"max-snippet:-1","max-image-preview":"max-image-preview:large","max-video-preview":"max-video-preview:-1"},"canonical":"https:\/\/xemamusicayteatro.com\/en\/theatre\/the-row-company\/rudolph\/","og_locale":"en_US","og_type":"article","og_title":"Rudolph &#8902; Xema M\u00fasica y Teatro","og_description":"[vc_row css=&#8221;.vc_custom_1758806222386{padding-top: 5% !important;padding-right: 5% !important;padding-bottom: 5% !important;padding-left: 5% !important;background-color: #FFFFFF !important;}&#8221;][vc_column][vc_row_inner content_placement=&#8221;middle&#8221; gap=&#8221;20&#8243;][vc_column_inner width=&#8221;1\/2&#8243;][vc_column_text css=&#8221;&#8221;]THE ROW COMPANY Rudolph [\/vc_column_text][vc_empty_space height=&#8221;12px&#8221;][vc_column_text css=&#8221;&#8221;] Everyone knows that Santa\u2019s sleigh is pulled by nine reindeer, and that one of them has a shiny red nose. But do we really know the story behind that special reindeer who looks [...]","og_url":"https:\/\/xemamusicayteatro.com\/en\/theatre\/the-row-company\/rudolph\/","og_site_name":"Xema M\u00fasica y Teatro","article_modified_time":"2025-10-20T10:09:19+00:00","og_image":[{"url":"https:\/\/xemamusicayteatro.com\/wp-content\/uploads\/2025\/10\/Foto-13-Rudolph-300x200.jpg","type":"","width":"","height":""}],"twitter_card":"summary_large_image","twitter_misc":{"Est. reading time":"1 minute"},"schema":{"@context":"https:\/\/schema.org","@graph":[{"@type":"WebPage","@id":"https:\/\/xemamusicayteatro.com\/en\/theatre\/the-row-company\/rudolph\/","url":"https:\/\/xemamusicayteatro.com\/en\/theatre\/the-row-company\/rudolph\/","name":"Rudolph &#8902; Xema M\u00fasica y Teatro","isPartOf":{"@id":"https:\/\/xemamusicayteatro.com\/en\/#website"},"datePublished":"2025-10-17T13:04:28+00:00","dateModified":"2025-10-20T10:09:19+00:00","breadcrumb":{"@id":"https:\/\/xemamusicayteatro.com\/en\/theatre\/the-row-company\/rudolph\/#breadcrumb"},"inLanguage":"en-US","potentialAction":[{"@type":"ReadAction","target":["https:\/\/xemamusicayteatro.com\/en\/theatre\/the-row-company\/rudolph\/"]}]},{"@type":"BreadcrumbList","@id":"https:\/\/xemamusicayteatro.com\/en\/theatre\/the-row-company\/rudolph\/#breadcrumb","itemListElement":[{"@type":"ListItem","position":1,"name":"Portada","item":"https:\/\/xemamusicayteatro.com\/en\/inicio-2\/"},{"@type":"ListItem","position":2,"name":"Theatre","item":"https:\/\/xemamusicayteatro.com\/en\/theatre\/"},{"@type":"ListItem","position":3,"name":"The Row Company","item":"https:\/\/xemamusicayteatro.com\/en\/theatre\/the-row-company\/"},{"@type":"ListItem","position":4,"name":"Rudolph"}]},{"@type":"WebSite","@id":"https:\/\/xemamusicayteatro.com\/en\/#website","url":"https:\/\/xemamusicayteatro.com\/en\/","name":"Xema M\u00fasica y Teatro","description":"Gesti\u00f3n art\u00edstica de m\u00fasica, teatro y beb\u00e9s. Conectando talento con \u00e9xito.","publisher":{"@id":"https:\/\/xemamusicayteatro.com\/en\/#organization"},"alternateName":"Contrataci\u00f3n de Teatro y M\u00fasica | Gestor Art\u00edstico | Xema M\u00fasica y Teatro","potentialAction":[{"@type":"SearchAction","target":{"@type":"EntryPoint","urlTemplate":"https:\/\/xemamusicayteatro.com\/en\/?s={search_term_string}"},"query-input":{"@type":"PropertyValueSpecification","valueRequired":true,"valueName":"search_term_string"}}],"inLanguage":"en-US"},{"@type":"Organization","@id":"https:\/\/xemamusicayteatro.com\/en\/#organization","name":"Xema M\u00fasica y Teatro","url":"https:\/\/xemamusicayteatro.com\/en\/","logo":{"@type":"ImageObject","inLanguage":"en-US","@id":"https:\/\/xemamusicayteatro.com\/en\/#\/schema\/logo\/image\/","url":"https:\/\/xemamusicayteatro.com\/wp-content\/uploads\/2025\/09\/ImagotipoHorizontal-Blanco.svg","contentUrl":"https:\/\/xemamusicayteatro.com\/wp-content\/uploads\/2025\/09\/ImagotipoHorizontal-Blanco.svg","width":1,"height":1,"caption":"Xema M\u00fasica y Teatro"},"image":{"@id":"https:\/\/xemamusicayteatro.com\/en\/#\/schema\/logo\/image\/"}}]}},"_links":{"self":[{"href":"https:\/\/xemamusicayteatro.com\/en\/wp-json\/wp\/v2\/pages\/810","targetHints":{"allow":["GET"]}}],"collection":[{"href":"https:\/\/xemamusicayteatro.com\/en\/wp-json\/wp\/v2\/pages"}],"about":[{"href":"https:\/\/xemamusicayteatro.com\/en\/wp-json\/wp\/v2\/types\/page"}],"author":[{"embeddable":true,"href":"https:\/\/xemamusicayteatro.com\/en\/wp-json\/wp\/v2\/users\/2"}],"replies":[{"embeddable":true,"href":"https:\/\/xemamusicayteatro.com\/en\/wp-json\/wp\/v2\/comments?post=810"}],"version-history":[{"count":3,"href":"https:\/\/xemamusicayteatro.com\/en\/wp-json\/wp\/v2\/pages\/810\/revisions"}],"predecessor-version":[{"id":834,"href":"https:\/\/xemamusicayteatro.com\/en\/wp-json\/wp\/v2\/pages\/810\/revisions\/834"}],"up":[{"embeddable":true,"href":"https:\/\/xemamusicayteatro.com\/en\/wp-json\/wp\/v2\/pages\/778"}],"wp:attachment":[{"href":"https:\/\/xemamusicayteatro.com\/en\/wp-json\/wp\/v2\/media?parent=810"}],"curies":[{"name":"wp","href":"https:\/\/api.w.org\/{rel}","templated":true}]}}