{"id":621,"date":"2025-10-14T10:44:15","date_gmt":"2025-10-14T10:44:15","guid":{"rendered":"https:\/\/xemamusicayteatro.com\/babalu\/tributo-a-michael-bubble\/"},"modified":"2025-10-17T12:12:39","modified_gmt":"2025-10-17T12:12:39","slug":"tribute-to-michael-buble","status":"publish","type":"page","link":"https:\/\/xemamusicayteatro.com\/en\/music\/babalu\/tribute-to-michael-buble\/","title":{"rendered":"Tribute to Michael Bubl\u00e9"},"content":{"rendered":"<div class=\"wpb-content-wrapper\">[vc_row css=&#8221;.vc_custom_1758806222386{padding-top: 5% !important;padding-right: 5% !important;padding-bottom: 5% !important;padding-left: 5% !important;background-color: #FFFFFF !important;}&#8221;][vc_column][vc_row_inner content_placement=&#8221;middle&#8221; gap=&#8221;20&#8243;][vc_column_inner width=&#8221;1\/2&#8243;][vc_column_text css=&#8221;&#8221;]<span style=\"font-size: 140%;\">BABAL\u00da SWING BAND<\/span><\/p>\n<h2><span style=\"font-size: 140%;\">Michael Bubl\u00e9 Tribute Concert<\/span><\/h2>\n[\/vc_column_text][vc_empty_space height=&#8221;12px&#8221;][vc_column_text css=&#8221;&#8221;]\n<p style=\"text-align: justify;\"><span style=\"font-weight: 400;\">An elegant and vibrant tribute to the great contemporary crooner <\/span><i><span style=\"font-weight: 400;\">Michael Bubl\u00e9<\/span><\/i><span style=\"font-weight: 400;\">. An artist who has sold over 75 million albums worldwide and won five Grammy Awards. This show recreates the magic of his live concerts, taking the audience on a journey through his greatest hits \u2014from timeless swing and jazz standards to intimate ballads and unmistakable pop anthems\u2014 all performed with refined staging and outstanding musical quality. The concert invites the audience to immerse themselves in an evening filled with emotion, romance, and energy. A tribute designed for theatres and festivals seeking to offer a universal, elegant, and accessible experience that captivates both jazz and swing lovers and new generations alike.<\/span><\/p>\n[\/vc_column_text][vc_empty_space][vc_column_text css=&#8221;&#8221;]\n<div id='gallery-1' class='gallery galleryid-621 gallery-columns-3 gallery-size-medium'><figure class='gallery-item'>\n\t\t\t<div class='gallery-icon landscape'>\n\t\t\t\t<a href='https:\/\/xemamusicayteatro.com\/wp-content\/uploads\/2025\/10\/Michael-Buble-01-1.jpg'><img loading=\"lazy\" decoding=\"async\" width=\"300\" height=\"200\" src=\"https:\/\/xemamusicayteatro.com\/wp-content\/uploads\/2025\/10\/Michael-Buble-01-1-300x200.jpg\" class=\"attachment-medium size-medium\" alt=\"\" srcset=\"https:\/\/xemamusicayteatro.com\/wp-content\/uploads\/2025\/10\/Michael-Buble-01-1-300x200.jpg 300w, https:\/\/xemamusicayteatro.com\/wp-content\/uploads\/2025\/10\/Michael-Buble-01-1-1024x683.jpg 1024w, https:\/\/xemamusicayteatro.com\/wp-content\/uploads\/2025\/10\/Michael-Buble-01-1-768x512.jpg 768w, https:\/\/xemamusicayteatro.com\/wp-content\/uploads\/2025\/10\/Michael-Buble-01-1.jpg 1200w\" sizes=\"auto, (max-width: 300px) 100vw, 300px\" \/><\/a>\n\t\t\t<\/div><\/figure><figure class='gallery-item'>\n\t\t\t<div class='gallery-icon landscape'>\n\t\t\t\t<a href='https:\/\/xemamusicayteatro.com\/wp-content\/uploads\/2025\/10\/Michael-Buble-02-1.jpeg'><img loading=\"lazy\" decoding=\"async\" width=\"300\" height=\"200\" src=\"https:\/\/xemamusicayteatro.com\/wp-content\/uploads\/2025\/10\/Michael-Buble-02-1-300x200.jpeg\" class=\"attachment-medium size-medium\" alt=\"\" srcset=\"https:\/\/xemamusicayteatro.com\/wp-content\/uploads\/2025\/10\/Michael-Buble-02-1-300x200.jpeg 300w, https:\/\/xemamusicayteatro.com\/wp-content\/uploads\/2025\/10\/Michael-Buble-02-1-1024x683.jpeg 1024w, https:\/\/xemamusicayteatro.com\/wp-content\/uploads\/2025\/10\/Michael-Buble-02-1-768x512.jpeg 768w, https:\/\/xemamusicayteatro.com\/wp-content\/uploads\/2025\/10\/Michael-Buble-02-1.jpeg 1200w\" sizes=\"auto, (max-width: 300px) 100vw, 300px\" \/><\/a>\n\t\t\t<\/div><\/figure>\n\t\t<\/div>\n\n[\/vc_column_text][\/vc_column_inner][vc_column_inner width=&#8221;1\/2&#8243;][vc_single_image image=&#8221;608&#8243; img_size=&#8221;800&#215;800&#8243; alignment=&#8221;center&#8221; style=&#8221;vc_box_shadow_3d&#8221; css=&#8221;&#8221;][\/vc_column_inner][\/vc_row_inner][\/vc_column][\/vc_row]\n<\/div>","protected":false},"excerpt":{"rendered":"[vc_row css=&#8221;.vc_custom_1758806222386{padding-top: 5% !important;padding-right: 5% !important;padding-bottom: 5% !important;padding-left: 5% !important;background-color: #FFFFFF !important;}&#8221;][vc_column][vc_row_inner content_placement=&#8221;middle&#8221; gap=&#8221;20&#8243;][vc_column_inner width=&#8221;1\/2&#8243;][vc_column_text css=&#8221;&#8221;]BABAL\u00da SWING BAND Michael Bubl\u00e9 Tribute Concert [\/vc_column_text][vc_empty_space height=&#8221;12px&#8221;][vc_column_text css=&#8221;&#8221;] An elegant and vibrant tribute to the great contemporary crooner Michael Bubl\u00e9. An artist who has sold over 75 million albums worldwide and won five Grammy Awards. This show recreates [&#8230;]\n","protected":false},"author":2,"featured_media":0,"parent":584,"menu_order":0,"comment_status":"closed","ping_status":"closed","template":"page-blank.php","meta":{"footnotes":""},"class_list":["post-621","page","type-page","status-publish","hentry"],"yoast_head":"<!-- This site is optimized with the Yoast SEO plugin v27.2 - https:\/\/yoast.com\/product\/yoast-seo-wordpress\/ -->\n<title>Tribute to Michael Bubl\u00e9 &#8902; Xema M\u00fasica y Teatro<\/title>\n<meta name=\"robots\" content=\"index, follow, max-snippet:-1, max-image-preview:large, max-video-preview:-1\" \/>\n<link rel=\"canonical\" href=\"https:\/\/xemamusicayteatro.com\/en\/music\/babalu\/tribute-to-michael-buble\/\" \/>\n<meta property=\"og:locale\" content=\"en_US\" \/>\n<meta property=\"og:type\" content=\"article\" \/>\n<meta property=\"og:title\" content=\"Tribute to Michael Bubl\u00e9 &#8902; Xema M\u00fasica y Teatro\" \/>\n<meta property=\"og:description\" content=\"[vc_row css=&#8221;.vc_custom_1758806222386{padding-top: 5% !important;padding-right: 5% !important;padding-bottom: 5% !important;padding-left: 5% !important;background-color: #FFFFFF !important;}&#8221;][vc_column][vc_row_inner content_placement=&#8221;middle&#8221; gap=&#8221;20&#8243;][vc_column_inner width=&#8221;1\/2&#8243;][vc_column_text css=&#8221;&#8221;]BABAL\u00da SWING BAND Michael Bubl\u00e9 Tribute Concert [\/vc_column_text][vc_empty_space height=&#8221;12px&#8221;][vc_column_text css=&#8221;&#8221;] An elegant and vibrant tribute to the great contemporary crooner Michael Bubl\u00e9. An artist who has sold over 75 million albums worldwide and won five Grammy Awards. This show recreates [...]\" \/>\n<meta property=\"og:url\" content=\"https:\/\/xemamusicayteatro.com\/en\/music\/babalu\/tribute-to-michael-buble\/\" \/>\n<meta property=\"og:site_name\" content=\"Xema M\u00fasica y Teatro\" \/>\n<meta property=\"article:modified_time\" content=\"2025-10-17T12:12:39+00:00\" \/>\n<meta property=\"og:image\" content=\"https:\/\/xemamusicayteatro.com\/wp-content\/uploads\/2025\/10\/Michael-Buble-01-1-300x200.jpg\" \/>\n<meta name=\"twitter:card\" content=\"summary_large_image\" \/>\n<meta name=\"twitter:label1\" content=\"Est. reading time\" \/>\n\t<meta name=\"twitter:data1\" content=\"1 minute\" \/>\n<script type=\"application\/ld+json\" class=\"yoast-schema-graph\">{\"@context\":\"https:\/\/schema.org\",\"@graph\":[{\"@type\":\"WebPage\",\"@id\":\"https:\/\/xemamusicayteatro.com\/en\/music\/babalu\/tribute-to-michael-buble\/\",\"url\":\"https:\/\/xemamusicayteatro.com\/en\/music\/babalu\/tribute-to-michael-buble\/\",\"name\":\"Tribute to Michael Bubl\u00e9 &#8902; Xema M\u00fasica y Teatro\",\"isPartOf\":{\"@id\":\"https:\/\/xemamusicayteatro.com\/en\/#website\"},\"datePublished\":\"2025-10-14T10:44:15+00:00\",\"dateModified\":\"2025-10-17T12:12:39+00:00\",\"breadcrumb\":{\"@id\":\"https:\/\/xemamusicayteatro.com\/en\/music\/babalu\/tribute-to-michael-buble\/#breadcrumb\"},\"inLanguage\":\"en-US\",\"potentialAction\":[{\"@type\":\"ReadAction\",\"target\":[\"https:\/\/xemamusicayteatro.com\/en\/music\/babalu\/tribute-to-michael-buble\/\"]}]},{\"@type\":\"BreadcrumbList\",\"@id\":\"https:\/\/xemamusicayteatro.com\/en\/music\/babalu\/tribute-to-michael-buble\/#breadcrumb\",\"itemListElement\":[{\"@type\":\"ListItem\",\"position\":1,\"name\":\"Portada\",\"item\":\"https:\/\/xemamusicayteatro.com\/en\/inicio-2\/\"},{\"@type\":\"ListItem\",\"position\":2,\"name\":\"Music\",\"item\":\"https:\/\/xemamusicayteatro.com\/en\/music\/\"},{\"@type\":\"ListItem\",\"position\":3,\"name\":\"Babal\u00fa\",\"item\":\"https:\/\/xemamusicayteatro.com\/en\/music\/babalu\/\"},{\"@type\":\"ListItem\",\"position\":4,\"name\":\"Tribute to Michael Bubl\u00e9\"}]},{\"@type\":\"WebSite\",\"@id\":\"https:\/\/xemamusicayteatro.com\/en\/#website\",\"url\":\"https:\/\/xemamusicayteatro.com\/en\/\",\"name\":\"Xema M\u00fasica y Teatro\",\"description\":\"Gesti\u00f3n art\u00edstica de m\u00fasica, teatro y beb\u00e9s. Conectando talento con \u00e9xito.\",\"publisher\":{\"@id\":\"https:\/\/xemamusicayteatro.com\/en\/#organization\"},\"alternateName\":\"Contrataci\u00f3n de Teatro y M\u00fasica | Gestor Art\u00edstico | Xema M\u00fasica y Teatro\",\"potentialAction\":[{\"@type\":\"SearchAction\",\"target\":{\"@type\":\"EntryPoint\",\"urlTemplate\":\"https:\/\/xemamusicayteatro.com\/en\/?s={search_term_string}\"},\"query-input\":{\"@type\":\"PropertyValueSpecification\",\"valueRequired\":true,\"valueName\":\"search_term_string\"}}],\"inLanguage\":\"en-US\"},{\"@type\":\"Organization\",\"@id\":\"https:\/\/xemamusicayteatro.com\/en\/#organization\",\"name\":\"Xema M\u00fasica y Teatro\",\"url\":\"https:\/\/xemamusicayteatro.com\/en\/\",\"logo\":{\"@type\":\"ImageObject\",\"inLanguage\":\"en-US\",\"@id\":\"https:\/\/xemamusicayteatro.com\/en\/#\/schema\/logo\/image\/\",\"url\":\"https:\/\/xemamusicayteatro.com\/wp-content\/uploads\/2025\/09\/ImagotipoHorizontal-Blanco.svg\",\"contentUrl\":\"https:\/\/xemamusicayteatro.com\/wp-content\/uploads\/2025\/09\/ImagotipoHorizontal-Blanco.svg\",\"width\":1,\"height\":1,\"caption\":\"Xema M\u00fasica y Teatro\"},\"image\":{\"@id\":\"https:\/\/xemamusicayteatro.com\/en\/#\/schema\/logo\/image\/\"}}]}<\/script>\n<!-- \/ Yoast SEO plugin. -->","yoast_head_json":{"title":"Tribute to Michael Bubl\u00e9 &#8902; Xema M\u00fasica y Teatro","robots":{"index":"index","follow":"follow","max-snippet":"max-snippet:-1","max-image-preview":"max-image-preview:large","max-video-preview":"max-video-preview:-1"},"canonical":"https:\/\/xemamusicayteatro.com\/en\/music\/babalu\/tribute-to-michael-buble\/","og_locale":"en_US","og_type":"article","og_title":"Tribute to Michael Bubl\u00e9 &#8902; Xema M\u00fasica y Teatro","og_description":"[vc_row css=&#8221;.vc_custom_1758806222386{padding-top: 5% !important;padding-right: 5% !important;padding-bottom: 5% !important;padding-left: 5% !important;background-color: #FFFFFF !important;}&#8221;][vc_column][vc_row_inner content_placement=&#8221;middle&#8221; gap=&#8221;20&#8243;][vc_column_inner width=&#8221;1\/2&#8243;][vc_column_text css=&#8221;&#8221;]BABAL\u00da SWING BAND Michael Bubl\u00e9 Tribute Concert [\/vc_column_text][vc_empty_space height=&#8221;12px&#8221;][vc_column_text css=&#8221;&#8221;] An elegant and vibrant tribute to the great contemporary crooner Michael Bubl\u00e9. An artist who has sold over 75 million albums worldwide and won five Grammy Awards. This show recreates [...]","og_url":"https:\/\/xemamusicayteatro.com\/en\/music\/babalu\/tribute-to-michael-buble\/","og_site_name":"Xema M\u00fasica y Teatro","article_modified_time":"2025-10-17T12:12:39+00:00","og_image":[{"url":"https:\/\/xemamusicayteatro.com\/wp-content\/uploads\/2025\/10\/Michael-Buble-01-1-300x200.jpg","type":"","width":"","height":""}],"twitter_card":"summary_large_image","twitter_misc":{"Est. reading time":"1 minute"},"schema":{"@context":"https:\/\/schema.org","@graph":[{"@type":"WebPage","@id":"https:\/\/xemamusicayteatro.com\/en\/music\/babalu\/tribute-to-michael-buble\/","url":"https:\/\/xemamusicayteatro.com\/en\/music\/babalu\/tribute-to-michael-buble\/","name":"Tribute to Michael Bubl\u00e9 &#8902; Xema M\u00fasica y Teatro","isPartOf":{"@id":"https:\/\/xemamusicayteatro.com\/en\/#website"},"datePublished":"2025-10-14T10:44:15+00:00","dateModified":"2025-10-17T12:12:39+00:00","breadcrumb":{"@id":"https:\/\/xemamusicayteatro.com\/en\/music\/babalu\/tribute-to-michael-buble\/#breadcrumb"},"inLanguage":"en-US","potentialAction":[{"@type":"ReadAction","target":["https:\/\/xemamusicayteatro.com\/en\/music\/babalu\/tribute-to-michael-buble\/"]}]},{"@type":"BreadcrumbList","@id":"https:\/\/xemamusicayteatro.com\/en\/music\/babalu\/tribute-to-michael-buble\/#breadcrumb","itemListElement":[{"@type":"ListItem","position":1,"name":"Portada","item":"https:\/\/xemamusicayteatro.com\/en\/inicio-2\/"},{"@type":"ListItem","position":2,"name":"Music","item":"https:\/\/xemamusicayteatro.com\/en\/music\/"},{"@type":"ListItem","position":3,"name":"Babal\u00fa","item":"https:\/\/xemamusicayteatro.com\/en\/music\/babalu\/"},{"@type":"ListItem","position":4,"name":"Tribute to Michael Bubl\u00e9"}]},{"@type":"WebSite","@id":"https:\/\/xemamusicayteatro.com\/en\/#website","url":"https:\/\/xemamusicayteatro.com\/en\/","name":"Xema M\u00fasica y Teatro","description":"Gesti\u00f3n art\u00edstica de m\u00fasica, teatro y beb\u00e9s. Conectando talento con \u00e9xito.","publisher":{"@id":"https:\/\/xemamusicayteatro.com\/en\/#organization"},"alternateName":"Contrataci\u00f3n de Teatro y M\u00fasica | Gestor Art\u00edstico | Xema M\u00fasica y Teatro","potentialAction":[{"@type":"SearchAction","target":{"@type":"EntryPoint","urlTemplate":"https:\/\/xemamusicayteatro.com\/en\/?s={search_term_string}"},"query-input":{"@type":"PropertyValueSpecification","valueRequired":true,"valueName":"search_term_string"}}],"inLanguage":"en-US"},{"@type":"Organization","@id":"https:\/\/xemamusicayteatro.com\/en\/#organization","name":"Xema M\u00fasica y Teatro","url":"https:\/\/xemamusicayteatro.com\/en\/","logo":{"@type":"ImageObject","inLanguage":"en-US","@id":"https:\/\/xemamusicayteatro.com\/en\/#\/schema\/logo\/image\/","url":"https:\/\/xemamusicayteatro.com\/wp-content\/uploads\/2025\/09\/ImagotipoHorizontal-Blanco.svg","contentUrl":"https:\/\/xemamusicayteatro.com\/wp-content\/uploads\/2025\/09\/ImagotipoHorizontal-Blanco.svg","width":1,"height":1,"caption":"Xema M\u00fasica y Teatro"},"image":{"@id":"https:\/\/xemamusicayteatro.com\/en\/#\/schema\/logo\/image\/"}}]}},"_links":{"self":[{"href":"https:\/\/xemamusicayteatro.com\/en\/wp-json\/wp\/v2\/pages\/621","targetHints":{"allow":["GET"]}}],"collection":[{"href":"https:\/\/xemamusicayteatro.com\/en\/wp-json\/wp\/v2\/pages"}],"about":[{"href":"https:\/\/xemamusicayteatro.com\/en\/wp-json\/wp\/v2\/types\/page"}],"author":[{"embeddable":true,"href":"https:\/\/xemamusicayteatro.com\/en\/wp-json\/wp\/v2\/users\/2"}],"replies":[{"embeddable":true,"href":"https:\/\/xemamusicayteatro.com\/en\/wp-json\/wp\/v2\/comments?post=621"}],"version-history":[{"count":4,"href":"https:\/\/xemamusicayteatro.com\/en\/wp-json\/wp\/v2\/pages\/621\/revisions"}],"predecessor-version":[{"id":628,"href":"https:\/\/xemamusicayteatro.com\/en\/wp-json\/wp\/v2\/pages\/621\/revisions\/628"}],"up":[{"embeddable":true,"href":"https:\/\/xemamusicayteatro.com\/en\/wp-json\/wp\/v2\/pages\/584"}],"wp:attachment":[{"href":"https:\/\/xemamusicayteatro.com\/en\/wp-json\/wp\/v2\/media?parent=621"}],"curies":[{"name":"wp","href":"https:\/\/api.w.org\/{rel}","templated":true}]}}