{"id":1365,"date":"2026-03-30T08:16:24","date_gmt":"2026-03-30T08:16:24","guid":{"rendered":"https:\/\/xemamusicayteatro.com\/music\/ariel-bringuez\/concierto-nostalgia-cubana\/"},"modified":"2026-03-30T10:42:45","modified_gmt":"2026-03-30T10:42:45","slug":"cuban-nostalgia-concert","status":"publish","type":"page","link":"https:\/\/xemamusicayteatro.com\/en\/music\/ariel-bringuez\/cuban-nostalgia-concert\/","title":{"rendered":"Cuban Nostalgia Concert"},"content":{"rendered":"<div class=\"wpb-content-wrapper\">[vc_row css=&#8221;.vc_custom_1758806222386{padding-top: 5% !important;padding-right: 5% !important;padding-bottom: 5% !important;padding-left: 5% !important;background-color: #FFFFFF !important;}&#8221;][vc_column][vc_row_inner content_placement=&#8221;middle&#8221; gap=&#8221;20&#8243;][vc_column_inner width=&#8221;1\/2&#8243;][vc_column_text css=&#8221;&#8221;]<span style=\"font-size: 140%;\">ARIEL BRINGUEZ<\/span><\/p>\n<h2><span style=\"font-size: 140%;\">Cuban Nostalgia Concert<\/span><\/h2>\n[\/vc_column_text][vc_empty_space height=&#8221;12px&#8221;][vc_column_text css=&#8221;&#8221;]<span style=\"font-weight: 400;\">A personal and deeply special project, it advocates for a more intimate side of musical Cuba, paying tribute to the styles cultivated by great artists like Bola de Nieve, Jos\u00e9 Antonio M\u00e9ndez, Eliseo Grenet, Cachaito L\u00f3pez, and Juanito M\u00e1rquez. It delves into a path where every sentiment evoked by these celebrated musical poems\u2014now part of the world&#8217;s cultural heritage\u2014is carefully deconstructed. Nostalgia Cubana successfully recreates the sonic atmosphere of 1950s Cuba.<\/span>[\/vc_column_text][vc_empty_space][\/vc_column_inner][vc_column_inner width=&#8221;1\/2&#8243;][vc_video link=&#8221;https:\/\/www.youtube.com\/watch?v=473U4ZUVSmw&#8221; css=&#8221;&#8221;][\/vc_column_inner][\/vc_row_inner][\/vc_column][\/vc_row]\n<\/div>","protected":false},"excerpt":{"rendered":"[vc_row css=&#8221;.vc_custom_1758806222386{padding-top: 5% !important;padding-right: 5% !important;padding-bottom: 5% !important;padding-left: 5% !important;background-color: #FFFFFF !important;}&#8221;][vc_column][vc_row_inner content_placement=&#8221;middle&#8221; gap=&#8221;20&#8243;][vc_column_inner width=&#8221;1\/2&#8243;][vc_column_text css=&#8221;&#8221;]ARIEL BRINGUEZ Cuban Nostalgia Concert [\/vc_column_text][vc_empty_space height=&#8221;12px&#8221;][vc_column_text css=&#8221;&#8221;]A personal and deeply special project, it advocates for a more intimate side of musical Cuba, paying tribute to the styles cultivated by great artists like Bola de Nieve, Jos\u00e9 Antonio M\u00e9ndez, Eliseo [&#8230;]\n","protected":false},"author":3,"featured_media":0,"parent":1287,"menu_order":0,"comment_status":"closed","ping_status":"closed","template":"page-blank.php","meta":{"footnotes":""},"class_list":["post-1365","page","type-page","status-publish","hentry"],"yoast_head":"<!-- This site is optimized with the Yoast SEO plugin v27.2 - https:\/\/yoast.com\/product\/yoast-seo-wordpress\/ -->\n<title>Cuban Nostalgia Concert &#8902; Xema M\u00fasica y Teatro<\/title>\n<meta name=\"robots\" content=\"index, follow, max-snippet:-1, max-image-preview:large, max-video-preview:-1\" \/>\n<link rel=\"canonical\" href=\"https:\/\/xemamusicayteatro.com\/en\/music\/ariel-bringuez\/cuban-nostalgia-concert\/\" \/>\n<meta property=\"og:locale\" content=\"en_US\" \/>\n<meta property=\"og:type\" content=\"article\" \/>\n<meta property=\"og:title\" content=\"Cuban Nostalgia Concert &#8902; Xema M\u00fasica y Teatro\" \/>\n<meta property=\"og:description\" content=\"[vc_row css=&#8221;.vc_custom_1758806222386{padding-top: 5% !important;padding-right: 5% !important;padding-bottom: 5% !important;padding-left: 5% !important;background-color: #FFFFFF !important;}&#8221;][vc_column][vc_row_inner content_placement=&#8221;middle&#8221; gap=&#8221;20&#8243;][vc_column_inner width=&#8221;1\/2&#8243;][vc_column_text css=&#8221;&#8221;]ARIEL BRINGUEZ Cuban Nostalgia Concert [\/vc_column_text][vc_empty_space height=&#8221;12px&#8221;][vc_column_text css=&#8221;&#8221;]A personal and deeply special project, it advocates for a more intimate side of musical Cuba, paying tribute to the styles cultivated by great artists like Bola de Nieve, Jos\u00e9 Antonio M\u00e9ndez, Eliseo [...]\" \/>\n<meta property=\"og:url\" content=\"https:\/\/xemamusicayteatro.com\/en\/music\/ariel-bringuez\/cuban-nostalgia-concert\/\" \/>\n<meta property=\"og:site_name\" content=\"Xema M\u00fasica y Teatro\" \/>\n<meta property=\"article:modified_time\" content=\"2026-03-30T10:42:45+00:00\" \/>\n<meta name=\"twitter:card\" content=\"summary_large_image\" \/>\n<meta name=\"twitter:label1\" content=\"Est. reading time\" \/>\n\t<meta name=\"twitter:data1\" content=\"1 minute\" \/>\n<script type=\"application\/ld+json\" class=\"yoast-schema-graph\">{\"@context\":\"https:\/\/schema.org\",\"@graph\":[{\"@type\":\"WebPage\",\"@id\":\"https:\/\/xemamusicayteatro.com\/en\/music\/ariel-bringuez\/cuban-nostalgia-concert\/\",\"url\":\"https:\/\/xemamusicayteatro.com\/en\/music\/ariel-bringuez\/cuban-nostalgia-concert\/\",\"name\":\"Cuban Nostalgia Concert &#8902; Xema M\u00fasica y Teatro\",\"isPartOf\":{\"@id\":\"https:\/\/xemamusicayteatro.com\/en\/#website\"},\"datePublished\":\"2026-03-30T08:16:24+00:00\",\"dateModified\":\"2026-03-30T10:42:45+00:00\",\"breadcrumb\":{\"@id\":\"https:\/\/xemamusicayteatro.com\/en\/music\/ariel-bringuez\/cuban-nostalgia-concert\/#breadcrumb\"},\"inLanguage\":\"en-US\",\"potentialAction\":[{\"@type\":\"ReadAction\",\"target\":[\"https:\/\/xemamusicayteatro.com\/en\/music\/ariel-bringuez\/cuban-nostalgia-concert\/\"]}]},{\"@type\":\"BreadcrumbList\",\"@id\":\"https:\/\/xemamusicayteatro.com\/en\/music\/ariel-bringuez\/cuban-nostalgia-concert\/#breadcrumb\",\"itemListElement\":[{\"@type\":\"ListItem\",\"position\":1,\"name\":\"Portada\",\"item\":\"https:\/\/xemamusicayteatro.com\/en\/inicio-2\/\"},{\"@type\":\"ListItem\",\"position\":2,\"name\":\"Music\",\"item\":\"https:\/\/xemamusicayteatro.com\/en\/music\/\"},{\"@type\":\"ListItem\",\"position\":3,\"name\":\"ARIEL BR\u00cdNGUEZ\",\"item\":\"https:\/\/xemamusicayteatro.com\/en\/music\/ariel-bringuez\/\"},{\"@type\":\"ListItem\",\"position\":4,\"name\":\"Cuban Nostalgia Concert\"}]},{\"@type\":\"WebSite\",\"@id\":\"https:\/\/xemamusicayteatro.com\/en\/#website\",\"url\":\"https:\/\/xemamusicayteatro.com\/en\/\",\"name\":\"Xema M\u00fasica y Teatro\",\"description\":\"Gesti\u00f3n art\u00edstica de m\u00fasica, teatro y beb\u00e9s. Conectando talento con \u00e9xito.\",\"publisher\":{\"@id\":\"https:\/\/xemamusicayteatro.com\/en\/#organization\"},\"alternateName\":\"Contrataci\u00f3n de Teatro y M\u00fasica | Gestor Art\u00edstico | Xema M\u00fasica y Teatro\",\"potentialAction\":[{\"@type\":\"SearchAction\",\"target\":{\"@type\":\"EntryPoint\",\"urlTemplate\":\"https:\/\/xemamusicayteatro.com\/en\/?s={search_term_string}\"},\"query-input\":{\"@type\":\"PropertyValueSpecification\",\"valueRequired\":true,\"valueName\":\"search_term_string\"}}],\"inLanguage\":\"en-US\"},{\"@type\":\"Organization\",\"@id\":\"https:\/\/xemamusicayteatro.com\/en\/#organization\",\"name\":\"Xema M\u00fasica y Teatro\",\"url\":\"https:\/\/xemamusicayteatro.com\/en\/\",\"logo\":{\"@type\":\"ImageObject\",\"inLanguage\":\"en-US\",\"@id\":\"https:\/\/xemamusicayteatro.com\/en\/#\/schema\/logo\/image\/\",\"url\":\"https:\/\/xemamusicayteatro.com\/wp-content\/uploads\/2025\/09\/ImagotipoHorizontal-Blanco.svg\",\"contentUrl\":\"https:\/\/xemamusicayteatro.com\/wp-content\/uploads\/2025\/09\/ImagotipoHorizontal-Blanco.svg\",\"width\":1,\"height\":1,\"caption\":\"Xema M\u00fasica y Teatro\"},\"image\":{\"@id\":\"https:\/\/xemamusicayteatro.com\/en\/#\/schema\/logo\/image\/\"}}]}<\/script>\n<!-- \/ Yoast SEO plugin. -->","yoast_head_json":{"title":"Cuban Nostalgia Concert &#8902; Xema M\u00fasica y Teatro","robots":{"index":"index","follow":"follow","max-snippet":"max-snippet:-1","max-image-preview":"max-image-preview:large","max-video-preview":"max-video-preview:-1"},"canonical":"https:\/\/xemamusicayteatro.com\/en\/music\/ariel-bringuez\/cuban-nostalgia-concert\/","og_locale":"en_US","og_type":"article","og_title":"Cuban Nostalgia Concert &#8902; Xema M\u00fasica y Teatro","og_description":"[vc_row css=&#8221;.vc_custom_1758806222386{padding-top: 5% !important;padding-right: 5% !important;padding-bottom: 5% !important;padding-left: 5% !important;background-color: #FFFFFF !important;}&#8221;][vc_column][vc_row_inner content_placement=&#8221;middle&#8221; gap=&#8221;20&#8243;][vc_column_inner width=&#8221;1\/2&#8243;][vc_column_text css=&#8221;&#8221;]ARIEL BRINGUEZ Cuban Nostalgia Concert [\/vc_column_text][vc_empty_space height=&#8221;12px&#8221;][vc_column_text css=&#8221;&#8221;]A personal and deeply special project, it advocates for a more intimate side of musical Cuba, paying tribute to the styles cultivated by great artists like Bola de Nieve, Jos\u00e9 Antonio M\u00e9ndez, Eliseo [...]","og_url":"https:\/\/xemamusicayteatro.com\/en\/music\/ariel-bringuez\/cuban-nostalgia-concert\/","og_site_name":"Xema M\u00fasica y Teatro","article_modified_time":"2026-03-30T10:42:45+00:00","twitter_card":"summary_large_image","twitter_misc":{"Est. reading time":"1 minute"},"schema":{"@context":"https:\/\/schema.org","@graph":[{"@type":"WebPage","@id":"https:\/\/xemamusicayteatro.com\/en\/music\/ariel-bringuez\/cuban-nostalgia-concert\/","url":"https:\/\/xemamusicayteatro.com\/en\/music\/ariel-bringuez\/cuban-nostalgia-concert\/","name":"Cuban Nostalgia Concert &#8902; Xema M\u00fasica y Teatro","isPartOf":{"@id":"https:\/\/xemamusicayteatro.com\/en\/#website"},"datePublished":"2026-03-30T08:16:24+00:00","dateModified":"2026-03-30T10:42:45+00:00","breadcrumb":{"@id":"https:\/\/xemamusicayteatro.com\/en\/music\/ariel-bringuez\/cuban-nostalgia-concert\/#breadcrumb"},"inLanguage":"en-US","potentialAction":[{"@type":"ReadAction","target":["https:\/\/xemamusicayteatro.com\/en\/music\/ariel-bringuez\/cuban-nostalgia-concert\/"]}]},{"@type":"BreadcrumbList","@id":"https:\/\/xemamusicayteatro.com\/en\/music\/ariel-bringuez\/cuban-nostalgia-concert\/#breadcrumb","itemListElement":[{"@type":"ListItem","position":1,"name":"Portada","item":"https:\/\/xemamusicayteatro.com\/en\/inicio-2\/"},{"@type":"ListItem","position":2,"name":"Music","item":"https:\/\/xemamusicayteatro.com\/en\/music\/"},{"@type":"ListItem","position":3,"name":"ARIEL BR\u00cdNGUEZ","item":"https:\/\/xemamusicayteatro.com\/en\/music\/ariel-bringuez\/"},{"@type":"ListItem","position":4,"name":"Cuban Nostalgia Concert"}]},{"@type":"WebSite","@id":"https:\/\/xemamusicayteatro.com\/en\/#website","url":"https:\/\/xemamusicayteatro.com\/en\/","name":"Xema M\u00fasica y Teatro","description":"Gesti\u00f3n art\u00edstica de m\u00fasica, teatro y beb\u00e9s. Conectando talento con \u00e9xito.","publisher":{"@id":"https:\/\/xemamusicayteatro.com\/en\/#organization"},"alternateName":"Contrataci\u00f3n de Teatro y M\u00fasica | Gestor Art\u00edstico | Xema M\u00fasica y Teatro","potentialAction":[{"@type":"SearchAction","target":{"@type":"EntryPoint","urlTemplate":"https:\/\/xemamusicayteatro.com\/en\/?s={search_term_string}"},"query-input":{"@type":"PropertyValueSpecification","valueRequired":true,"valueName":"search_term_string"}}],"inLanguage":"en-US"},{"@type":"Organization","@id":"https:\/\/xemamusicayteatro.com\/en\/#organization","name":"Xema M\u00fasica y Teatro","url":"https:\/\/xemamusicayteatro.com\/en\/","logo":{"@type":"ImageObject","inLanguage":"en-US","@id":"https:\/\/xemamusicayteatro.com\/en\/#\/schema\/logo\/image\/","url":"https:\/\/xemamusicayteatro.com\/wp-content\/uploads\/2025\/09\/ImagotipoHorizontal-Blanco.svg","contentUrl":"https:\/\/xemamusicayteatro.com\/wp-content\/uploads\/2025\/09\/ImagotipoHorizontal-Blanco.svg","width":1,"height":1,"caption":"Xema M\u00fasica y Teatro"},"image":{"@id":"https:\/\/xemamusicayteatro.com\/en\/#\/schema\/logo\/image\/"}}]}},"_links":{"self":[{"href":"https:\/\/xemamusicayteatro.com\/en\/wp-json\/wp\/v2\/pages\/1365","targetHints":{"allow":["GET"]}}],"collection":[{"href":"https:\/\/xemamusicayteatro.com\/en\/wp-json\/wp\/v2\/pages"}],"about":[{"href":"https:\/\/xemamusicayteatro.com\/en\/wp-json\/wp\/v2\/types\/page"}],"author":[{"embeddable":true,"href":"https:\/\/xemamusicayteatro.com\/en\/wp-json\/wp\/v2\/users\/3"}],"replies":[{"embeddable":true,"href":"https:\/\/xemamusicayteatro.com\/en\/wp-json\/wp\/v2\/comments?post=1365"}],"version-history":[{"count":2,"href":"https:\/\/xemamusicayteatro.com\/en\/wp-json\/wp\/v2\/pages\/1365\/revisions"}],"predecessor-version":[{"id":1367,"href":"https:\/\/xemamusicayteatro.com\/en\/wp-json\/wp\/v2\/pages\/1365\/revisions\/1367"}],"up":[{"embeddable":true,"href":"https:\/\/xemamusicayteatro.com\/en\/wp-json\/wp\/v2\/pages\/1287"}],"wp:attachment":[{"href":"https:\/\/xemamusicayteatro.com\/en\/wp-json\/wp\/v2\/media?parent=1365"}],"curies":[{"name":"wp","href":"https:\/\/api.w.org\/{rel}","templated":true}]}}