{"id":1337,"date":"2026-03-30T09:05:24","date_gmt":"2026-03-30T09:05:24","guid":{"rendered":"https:\/\/xemamusicayteatro.com\/music\/ivan-melon\/concierto-alma-en-cuba\/"},"modified":"2026-03-30T10:18:05","modified_gmt":"2026-03-30T10:18:05","slug":"soul-in-cuba-concert","status":"publish","type":"page","link":"https:\/\/xemamusicayteatro.com\/en\/music\/ivan-melon\/soul-in-cuba-concert\/","title":{"rendered":"Soul in Cuba Concert"},"content":{"rendered":"<div class=\"wpb-content-wrapper\">[vc_row css=&#8221;.vc_custom_1758806222386{padding-top: 5% !important;padding-right: 5% !important;padding-bottom: 5% !important;padding-left: 5% !important;background-color: #FFFFFF !important;}&#8221;][vc_column][vc_row_inner content_placement=&#8221;middle&#8221; gap=&#8221;20&#8243;][vc_column_inner width=&#8221;1\/2&#8243;][vc_column_text css=&#8221;&#8221;]<span style=\"font-size: 140%;\">IV\u00c1N MEL\u00d3N<\/span><\/p>\n<h2><span style=\"font-size: 140%;\">Soul in Cuba Concert<\/span><\/h2>\n[\/vc_column_text][vc_empty_space height=&#8221;12px&#8221;][vc_column_text css=&#8221;&#8221;]<span style=\"font-weight: 400;\">Ariel Br\u00ednguez and Iv\u00e1n Mel\u00f3n offer a curated selection of timeless Cuban songs, where contemporary elements converge with the island&#8217;s lyrical and musical heritage. A symbiosis of two leading figures in today&#8217;s music scene, they present a vision that organically intertwines popular music and chamber music with a Cuban accent.<\/span>[\/vc_column_text][vc_empty_space][vc_column_text css=&#8221;&#8221;]\n<div id='gallery-1' class='gallery galleryid-1337 gallery-columns-3 gallery-size-medium'><figure class='gallery-item'>\n\t\t\t<div class='gallery-icon landscape'>\n\t\t\t\t<a href='https:\/\/xemamusicayteatro.com\/wp-content\/uploads\/2026\/03\/FOTO-04_compressed-1-scaled.jpg'><img loading=\"lazy\" decoding=\"async\" width=\"300\" height=\"251\" src=\"https:\/\/xemamusicayteatro.com\/wp-content\/uploads\/2026\/03\/FOTO-04_compressed-1-300x251.jpg\" class=\"attachment-medium size-medium\" alt=\"\" srcset=\"https:\/\/xemamusicayteatro.com\/wp-content\/uploads\/2026\/03\/FOTO-04_compressed-1-300x251.jpg 300w, https:\/\/xemamusicayteatro.com\/wp-content\/uploads\/2026\/03\/FOTO-04_compressed-1-1024x858.jpg 1024w, https:\/\/xemamusicayteatro.com\/wp-content\/uploads\/2026\/03\/FOTO-04_compressed-1-768x644.jpg 768w, https:\/\/xemamusicayteatro.com\/wp-content\/uploads\/2026\/03\/FOTO-04_compressed-1-1536x1288.jpg 1536w, https:\/\/xemamusicayteatro.com\/wp-content\/uploads\/2026\/03\/FOTO-04_compressed-1-2048x1717.jpg 2048w\" sizes=\"auto, (max-width: 300px) 100vw, 300px\" \/><\/a>\n\t\t\t<\/div><\/figure><figure class='gallery-item'>\n\t\t\t<div class='gallery-icon landscape'>\n\t\t\t\t<a href='https:\/\/xemamusicayteatro.com\/wp-content\/uploads\/2026\/03\/Foto-05_compressed-scaled.png'><img loading=\"lazy\" decoding=\"async\" width=\"300\" height=\"251\" src=\"https:\/\/xemamusicayteatro.com\/wp-content\/uploads\/2026\/03\/Foto-05_compressed-300x251.png\" class=\"attachment-medium size-medium\" alt=\"\" srcset=\"https:\/\/xemamusicayteatro.com\/wp-content\/uploads\/2026\/03\/Foto-05_compressed-300x251.png 300w, https:\/\/xemamusicayteatro.com\/wp-content\/uploads\/2026\/03\/Foto-05_compressed-1024x858.png 1024w, https:\/\/xemamusicayteatro.com\/wp-content\/uploads\/2026\/03\/Foto-05_compressed-768x644.png 768w, https:\/\/xemamusicayteatro.com\/wp-content\/uploads\/2026\/03\/Foto-05_compressed-1536x1288.png 1536w, https:\/\/xemamusicayteatro.com\/wp-content\/uploads\/2026\/03\/Foto-05_compressed-2048x1717.png 2048w\" sizes=\"auto, (max-width: 300px) 100vw, 300px\" \/><\/a>\n\t\t\t<\/div><\/figure>\n\t\t<\/div>\n\n[\/vc_column_text][\/vc_column_inner][vc_column_inner width=&#8221;1\/2&#8243;][vc_video link=&#8221;https:\/\/www.youtube.com\/watch?v=lyeqp6sl7dQ&amp;t=3250s&#8221; css=&#8221;&#8221;][\/vc_column_inner][\/vc_row_inner][\/vc_column][\/vc_row]\n<\/div>","protected":false},"excerpt":{"rendered":"[vc_row css=&#8221;.vc_custom_1758806222386{padding-top: 5% !important;padding-right: 5% !important;padding-bottom: 5% !important;padding-left: 5% !important;background-color: #FFFFFF !important;}&#8221;][vc_column][vc_row_inner content_placement=&#8221;middle&#8221; gap=&#8221;20&#8243;][vc_column_inner width=&#8221;1\/2&#8243;][vc_column_text css=&#8221;&#8221;]IV\u00c1N MEL\u00d3N Soul in Cuba Concert [\/vc_column_text][vc_empty_space height=&#8221;12px&#8221;][vc_column_text css=&#8221;&#8221;]Ariel Br\u00ednguez and Iv\u00e1n Mel\u00f3n offer a curated selection of timeless Cuban songs, where contemporary elements converge with the island&#8217;s lyrical and musical heritage. A symbiosis of two leading figures in today&#8217;s [&#8230;]\n","protected":false},"author":3,"featured_media":0,"parent":1319,"menu_order":0,"comment_status":"closed","ping_status":"closed","template":"page-blank.php","meta":{"footnotes":""},"class_list":["post-1337","page","type-page","status-publish","hentry"],"yoast_head":"<!-- This site is optimized with the Yoast SEO plugin v27.2 - https:\/\/yoast.com\/product\/yoast-seo-wordpress\/ -->\n<title>Soul in Cuba Concert &#8902; Xema M\u00fasica y Teatro<\/title>\n<meta name=\"robots\" content=\"index, follow, max-snippet:-1, max-image-preview:large, max-video-preview:-1\" \/>\n<link rel=\"canonical\" href=\"https:\/\/xemamusicayteatro.com\/en\/music\/ivan-melon\/soul-in-cuba-concert\/\" \/>\n<meta property=\"og:locale\" content=\"en_US\" \/>\n<meta property=\"og:type\" content=\"article\" \/>\n<meta property=\"og:title\" content=\"Soul in Cuba Concert &#8902; Xema M\u00fasica y Teatro\" \/>\n<meta property=\"og:description\" content=\"[vc_row css=&#8221;.vc_custom_1758806222386{padding-top: 5% !important;padding-right: 5% !important;padding-bottom: 5% !important;padding-left: 5% !important;background-color: #FFFFFF !important;}&#8221;][vc_column][vc_row_inner content_placement=&#8221;middle&#8221; gap=&#8221;20&#8243;][vc_column_inner width=&#8221;1\/2&#8243;][vc_column_text css=&#8221;&#8221;]IV\u00c1N MEL\u00d3N Soul in Cuba Concert [\/vc_column_text][vc_empty_space height=&#8221;12px&#8221;][vc_column_text css=&#8221;&#8221;]Ariel Br\u00ednguez and Iv\u00e1n Mel\u00f3n offer a curated selection of timeless Cuban songs, where contemporary elements converge with the island&#8217;s lyrical and musical heritage. A symbiosis of two leading figures in today&#8217;s [...]\" \/>\n<meta property=\"og:url\" content=\"https:\/\/xemamusicayteatro.com\/en\/music\/ivan-melon\/soul-in-cuba-concert\/\" \/>\n<meta property=\"og:site_name\" content=\"Xema M\u00fasica y Teatro\" \/>\n<meta property=\"article:modified_time\" content=\"2026-03-30T10:18:05+00:00\" \/>\n<meta name=\"twitter:card\" content=\"summary_large_image\" \/>\n<meta name=\"twitter:label1\" content=\"Est. reading time\" \/>\n\t<meta name=\"twitter:data1\" content=\"1 minute\" \/>\n<script type=\"application\/ld+json\" class=\"yoast-schema-graph\">{\"@context\":\"https:\/\/schema.org\",\"@graph\":[{\"@type\":\"WebPage\",\"@id\":\"https:\/\/xemamusicayteatro.com\/en\/music\/ivan-melon\/soul-in-cuba-concert\/\",\"url\":\"https:\/\/xemamusicayteatro.com\/en\/music\/ivan-melon\/soul-in-cuba-concert\/\",\"name\":\"Soul in Cuba Concert &#8902; Xema M\u00fasica y Teatro\",\"isPartOf\":{\"@id\":\"https:\/\/xemamusicayteatro.com\/en\/#website\"},\"datePublished\":\"2026-03-30T09:05:24+00:00\",\"dateModified\":\"2026-03-30T10:18:05+00:00\",\"breadcrumb\":{\"@id\":\"https:\/\/xemamusicayteatro.com\/en\/music\/ivan-melon\/soul-in-cuba-concert\/#breadcrumb\"},\"inLanguage\":\"en-US\",\"potentialAction\":[{\"@type\":\"ReadAction\",\"target\":[\"https:\/\/xemamusicayteatro.com\/en\/music\/ivan-melon\/soul-in-cuba-concert\/\"]}]},{\"@type\":\"BreadcrumbList\",\"@id\":\"https:\/\/xemamusicayteatro.com\/en\/music\/ivan-melon\/soul-in-cuba-concert\/#breadcrumb\",\"itemListElement\":[{\"@type\":\"ListItem\",\"position\":1,\"name\":\"Portada\",\"item\":\"https:\/\/xemamusicayteatro.com\/en\/inicio-2\/\"},{\"@type\":\"ListItem\",\"position\":2,\"name\":\"Music\",\"item\":\"https:\/\/xemamusicayteatro.com\/en\/music\/\"},{\"@type\":\"ListItem\",\"position\":3,\"name\":\"Iv\u00e1n Mel\u00f3n\",\"item\":\"https:\/\/xemamusicayteatro.com\/en\/music\/ivan-melon\/\"},{\"@type\":\"ListItem\",\"position\":4,\"name\":\"Soul in Cuba Concert\"}]},{\"@type\":\"WebSite\",\"@id\":\"https:\/\/xemamusicayteatro.com\/en\/#website\",\"url\":\"https:\/\/xemamusicayteatro.com\/en\/\",\"name\":\"Xema M\u00fasica y Teatro\",\"description\":\"Gesti\u00f3n art\u00edstica de m\u00fasica, teatro y beb\u00e9s. Conectando talento con \u00e9xito.\",\"publisher\":{\"@id\":\"https:\/\/xemamusicayteatro.com\/en\/#organization\"},\"alternateName\":\"Contrataci\u00f3n de Teatro y M\u00fasica | Gestor Art\u00edstico | Xema M\u00fasica y Teatro\",\"potentialAction\":[{\"@type\":\"SearchAction\",\"target\":{\"@type\":\"EntryPoint\",\"urlTemplate\":\"https:\/\/xemamusicayteatro.com\/en\/?s={search_term_string}\"},\"query-input\":{\"@type\":\"PropertyValueSpecification\",\"valueRequired\":true,\"valueName\":\"search_term_string\"}}],\"inLanguage\":\"en-US\"},{\"@type\":\"Organization\",\"@id\":\"https:\/\/xemamusicayteatro.com\/en\/#organization\",\"name\":\"Xema M\u00fasica y Teatro\",\"url\":\"https:\/\/xemamusicayteatro.com\/en\/\",\"logo\":{\"@type\":\"ImageObject\",\"inLanguage\":\"en-US\",\"@id\":\"https:\/\/xemamusicayteatro.com\/en\/#\/schema\/logo\/image\/\",\"url\":\"https:\/\/xemamusicayteatro.com\/wp-content\/uploads\/2025\/09\/ImagotipoHorizontal-Blanco.svg\",\"contentUrl\":\"https:\/\/xemamusicayteatro.com\/wp-content\/uploads\/2025\/09\/ImagotipoHorizontal-Blanco.svg\",\"width\":1,\"height\":1,\"caption\":\"Xema M\u00fasica y Teatro\"},\"image\":{\"@id\":\"https:\/\/xemamusicayteatro.com\/en\/#\/schema\/logo\/image\/\"}}]}<\/script>\n<!-- \/ Yoast SEO plugin. -->","yoast_head_json":{"title":"Soul in Cuba Concert &#8902; Xema M\u00fasica y Teatro","robots":{"index":"index","follow":"follow","max-snippet":"max-snippet:-1","max-image-preview":"max-image-preview:large","max-video-preview":"max-video-preview:-1"},"canonical":"https:\/\/xemamusicayteatro.com\/en\/music\/ivan-melon\/soul-in-cuba-concert\/","og_locale":"en_US","og_type":"article","og_title":"Soul in Cuba Concert &#8902; Xema M\u00fasica y Teatro","og_description":"[vc_row css=&#8221;.vc_custom_1758806222386{padding-top: 5% !important;padding-right: 5% !important;padding-bottom: 5% !important;padding-left: 5% !important;background-color: #FFFFFF !important;}&#8221;][vc_column][vc_row_inner content_placement=&#8221;middle&#8221; gap=&#8221;20&#8243;][vc_column_inner width=&#8221;1\/2&#8243;][vc_column_text css=&#8221;&#8221;]IV\u00c1N MEL\u00d3N Soul in Cuba Concert [\/vc_column_text][vc_empty_space height=&#8221;12px&#8221;][vc_column_text css=&#8221;&#8221;]Ariel Br\u00ednguez and Iv\u00e1n Mel\u00f3n offer a curated selection of timeless Cuban songs, where contemporary elements converge with the island&#8217;s lyrical and musical heritage. A symbiosis of two leading figures in today&#8217;s [...]","og_url":"https:\/\/xemamusicayteatro.com\/en\/music\/ivan-melon\/soul-in-cuba-concert\/","og_site_name":"Xema M\u00fasica y Teatro","article_modified_time":"2026-03-30T10:18:05+00:00","twitter_card":"summary_large_image","twitter_misc":{"Est. reading time":"1 minute"},"schema":{"@context":"https:\/\/schema.org","@graph":[{"@type":"WebPage","@id":"https:\/\/xemamusicayteatro.com\/en\/music\/ivan-melon\/soul-in-cuba-concert\/","url":"https:\/\/xemamusicayteatro.com\/en\/music\/ivan-melon\/soul-in-cuba-concert\/","name":"Soul in Cuba Concert &#8902; Xema M\u00fasica y Teatro","isPartOf":{"@id":"https:\/\/xemamusicayteatro.com\/en\/#website"},"datePublished":"2026-03-30T09:05:24+00:00","dateModified":"2026-03-30T10:18:05+00:00","breadcrumb":{"@id":"https:\/\/xemamusicayteatro.com\/en\/music\/ivan-melon\/soul-in-cuba-concert\/#breadcrumb"},"inLanguage":"en-US","potentialAction":[{"@type":"ReadAction","target":["https:\/\/xemamusicayteatro.com\/en\/music\/ivan-melon\/soul-in-cuba-concert\/"]}]},{"@type":"BreadcrumbList","@id":"https:\/\/xemamusicayteatro.com\/en\/music\/ivan-melon\/soul-in-cuba-concert\/#breadcrumb","itemListElement":[{"@type":"ListItem","position":1,"name":"Portada","item":"https:\/\/xemamusicayteatro.com\/en\/inicio-2\/"},{"@type":"ListItem","position":2,"name":"Music","item":"https:\/\/xemamusicayteatro.com\/en\/music\/"},{"@type":"ListItem","position":3,"name":"Iv\u00e1n Mel\u00f3n","item":"https:\/\/xemamusicayteatro.com\/en\/music\/ivan-melon\/"},{"@type":"ListItem","position":4,"name":"Soul in Cuba Concert"}]},{"@type":"WebSite","@id":"https:\/\/xemamusicayteatro.com\/en\/#website","url":"https:\/\/xemamusicayteatro.com\/en\/","name":"Xema M\u00fasica y Teatro","description":"Gesti\u00f3n art\u00edstica de m\u00fasica, teatro y beb\u00e9s. Conectando talento con \u00e9xito.","publisher":{"@id":"https:\/\/xemamusicayteatro.com\/en\/#organization"},"alternateName":"Contrataci\u00f3n de Teatro y M\u00fasica | Gestor Art\u00edstico | Xema M\u00fasica y Teatro","potentialAction":[{"@type":"SearchAction","target":{"@type":"EntryPoint","urlTemplate":"https:\/\/xemamusicayteatro.com\/en\/?s={search_term_string}"},"query-input":{"@type":"PropertyValueSpecification","valueRequired":true,"valueName":"search_term_string"}}],"inLanguage":"en-US"},{"@type":"Organization","@id":"https:\/\/xemamusicayteatro.com\/en\/#organization","name":"Xema M\u00fasica y Teatro","url":"https:\/\/xemamusicayteatro.com\/en\/","logo":{"@type":"ImageObject","inLanguage":"en-US","@id":"https:\/\/xemamusicayteatro.com\/en\/#\/schema\/logo\/image\/","url":"https:\/\/xemamusicayteatro.com\/wp-content\/uploads\/2025\/09\/ImagotipoHorizontal-Blanco.svg","contentUrl":"https:\/\/xemamusicayteatro.com\/wp-content\/uploads\/2025\/09\/ImagotipoHorizontal-Blanco.svg","width":1,"height":1,"caption":"Xema M\u00fasica y Teatro"},"image":{"@id":"https:\/\/xemamusicayteatro.com\/en\/#\/schema\/logo\/image\/"}}]}},"_links":{"self":[{"href":"https:\/\/xemamusicayteatro.com\/en\/wp-json\/wp\/v2\/pages\/1337","targetHints":{"allow":["GET"]}}],"collection":[{"href":"https:\/\/xemamusicayteatro.com\/en\/wp-json\/wp\/v2\/pages"}],"about":[{"href":"https:\/\/xemamusicayteatro.com\/en\/wp-json\/wp\/v2\/types\/page"}],"author":[{"embeddable":true,"href":"https:\/\/xemamusicayteatro.com\/en\/wp-json\/wp\/v2\/users\/3"}],"replies":[{"embeddable":true,"href":"https:\/\/xemamusicayteatro.com\/en\/wp-json\/wp\/v2\/comments?post=1337"}],"version-history":[{"count":5,"href":"https:\/\/xemamusicayteatro.com\/en\/wp-json\/wp\/v2\/pages\/1337\/revisions"}],"predecessor-version":[{"id":1348,"href":"https:\/\/xemamusicayteatro.com\/en\/wp-json\/wp\/v2\/pages\/1337\/revisions\/1348"}],"up":[{"embeddable":true,"href":"https:\/\/xemamusicayteatro.com\/en\/wp-json\/wp\/v2\/pages\/1319"}],"wp:attachment":[{"href":"https:\/\/xemamusicayteatro.com\/en\/wp-json\/wp\/v2\/media?parent=1337"}],"curies":[{"name":"wp","href":"https:\/\/api.w.org\/{rel}","templated":true}]}}